{"id":782,"date":"2024-08-05T12:29:00","date_gmt":"2024-08-05T12:29:00","guid":{"rendered":"https:\/\/dignita.ro\/?post_type=product&#038;p=782"},"modified":"2025-01-27T11:01:07","modified_gmt":"2025-01-27T11:01:07","slug":"cruce-din-rasina-he-lives-john-1125","status":"publish","type":"product","link":"https:\/\/dignita.ro\/ro\/produs\/cruce-din-rasina-he-lives-john-1125\/","title":{"rendered":"Cruce din r\u0103\u0219in\u0103 \u201dHe lives\u201d &#8211; John 11:25"},"content":{"rendered":"<p>Crucea din r\u0103\u0219in\u0103 \u201dHe lives\u201d reprezint\u0103 un cadou elegant \u0219i poate constitui \u0219i un obiect minunat de decora\u021biune interioar\u0103, fie acas\u0103, fie la birou. Crucea are gravat versetul biblic din John 11:25. Material: r\u0103\u0219in\u0103<\/p>\n","protected":false},"excerpt":{"rendered":"<p>Crucea din r\u0103\u0219in\u0103 \u201dHe lives\u201d reprezint\u0103 un cadou elegant \u0219i poate constitui \u0219i un obiect minunat de decora\u021biune interioar\u0103, fie acas\u0103, fie la birou. Crucea are gravat versetul biblic din John 11:25. Material: r\u0103\u0219in\u0103<\/p>\n","protected":false},"featured_media":5828,"comment_status":"open","ping_status":"closed","template":"","meta":{"_seopress_robots_primary_cat":"none","_seopress_titles_title":"","_seopress_titles_desc":"","_seopress_robots_index":""},"product_brand":[],"product_cat":[99],"product_tag":[],"class_list":{"0":"post-782","1":"product","2":"type-product","3":"status-publish","4":"has-post-thumbnail","6":"product_cat-ornamente","7":"post-wrapper","8":"thrv_wrapper","10":"first","11":"instock","12":"shipping-taxable","13":"purchasable","14":"product-type-simple"},"_links":{"self":[{"href":"https:\/\/dignita.ro\/ro\/wp-json\/wp\/v2\/product\/782","targetHints":{"allow":["GET"]}}],"collection":[{"href":"https:\/\/dignita.ro\/ro\/wp-json\/wp\/v2\/product"}],"about":[{"href":"https:\/\/dignita.ro\/ro\/wp-json\/wp\/v2\/types\/product"}],"replies":[{"embeddable":true,"href":"https:\/\/dignita.ro\/ro\/wp-json\/wp\/v2\/comments?post=782"}],"wp:featuredmedia":[{"embeddable":true,"href":"https:\/\/dignita.ro\/ro\/wp-json\/wp\/v2\/media\/5828"}],"wp:attachment":[{"href":"https:\/\/dignita.ro\/ro\/wp-json\/wp\/v2\/media?parent=782"}],"wp:term":[{"taxonomy":"product_brand","embeddable":true,"href":"https:\/\/dignita.ro\/ro\/wp-json\/wp\/v2\/product_brand?post=782"},{"taxonomy":"product_cat","embeddable":true,"href":"https:\/\/dignita.ro\/ro\/wp-json\/wp\/v2\/product_cat?post=782"},{"taxonomy":"product_tag","embeddable":true,"href":"https:\/\/dignita.ro\/ro\/wp-json\/wp\/v2\/product_tag?post=782"}],"curies":[{"name":"wp","href":"https:\/\/api.w.org\/{rel}","templated":true}]}}