{"id":766,"date":"2024-08-05T12:18:59","date_gmt":"2024-08-05T12:18:59","guid":{"rendered":"https:\/\/dignita.ro\/?post_type=product&#038;p=766"},"modified":"2025-02-09T13:30:50","modified_gmt":"2025-02-09T13:30:50","slug":"husa-biblie-roz-medium-2","status":"publish","type":"product","link":"https:\/\/dignita.ro\/ro\/produs\/husa-biblie-roz-medium-2\/","title":{"rendered":"Hus\u0103 Biblie Roz &#8211; Medium"},"content":{"rendered":"<p>Husa pentru Biblie este realizat\u0103 din material textil rezistent. Este prev\u0103zut\u0103 cu fermoar, m\u00e2ner \u0219i suport pentru instrumente de scris. Pe exteriorul copertei din fa\u021b\u0103 are cusut un simbol cre\u0219tin. Culoare: roz.<\/p>\n","protected":false},"excerpt":{"rendered":"<p>Husa pentru Biblie f\u0103cut\u0103 din material rezistent, are fermoar, m\u00e2ner \u0219i suport pentru instrumente de scris. Pe copert\u0103 are cusut un simbol cre\u0219tin. Culoare: roz.<\/p>\n","protected":false},"featured_media":5609,"comment_status":"open","ping_status":"closed","template":"","meta":{"_seopress_robots_primary_cat":"none","_seopress_titles_title":"","_seopress_titles_desc":"","_seopress_robots_index":""},"product_brand":[],"product_cat":[86],"product_tag":[],"class_list":{"0":"post-766","1":"product","2":"type-product","3":"status-publish","4":"has-post-thumbnail","6":"product_cat-huse-biblii","7":"post-wrapper","8":"thrv_wrapper","10":"first","11":"instock","12":"shipping-taxable","13":"purchasable","14":"product-type-simple"},"_links":{"self":[{"href":"https:\/\/dignita.ro\/ro\/wp-json\/wp\/v2\/product\/766","targetHints":{"allow":["GET"]}}],"collection":[{"href":"https:\/\/dignita.ro\/ro\/wp-json\/wp\/v2\/product"}],"about":[{"href":"https:\/\/dignita.ro\/ro\/wp-json\/wp\/v2\/types\/product"}],"replies":[{"embeddable":true,"href":"https:\/\/dignita.ro\/ro\/wp-json\/wp\/v2\/comments?post=766"}],"wp:featuredmedia":[{"embeddable":true,"href":"https:\/\/dignita.ro\/ro\/wp-json\/wp\/v2\/media\/5609"}],"wp:attachment":[{"href":"https:\/\/dignita.ro\/ro\/wp-json\/wp\/v2\/media?parent=766"}],"wp:term":[{"taxonomy":"product_brand","embeddable":true,"href":"https:\/\/dignita.ro\/ro\/wp-json\/wp\/v2\/product_brand?post=766"},{"taxonomy":"product_cat","embeddable":true,"href":"https:\/\/dignita.ro\/ro\/wp-json\/wp\/v2\/product_cat?post=766"},{"taxonomy":"product_tag","embeddable":true,"href":"https:\/\/dignita.ro\/ro\/wp-json\/wp\/v2\/product_tag?post=766"}],"curies":[{"name":"wp","href":"https:\/\/api.w.org\/{rel}","templated":true}]}}