{"id":7408,"date":"2025-04-18T15:24:11","date_gmt":"2025-04-18T15:24:11","guid":{"rendered":"https:\/\/dignita.ro\/?post_type=product&#038;p=7408"},"modified":"2025-04-18T15:28:53","modified_gmt":"2025-04-18T15:28:53","slug":"sort-traditional-cu-buzunare","status":"publish","type":"product","link":"https:\/\/dignita.ro\/ro\/produs\/sort-traditional-cu-buzunare\/","title":{"rendered":"\u0218or\u021b tradi\u021bional cu buzunare"},"content":{"rendered":"<p class=\"\" data-start=\"179\" data-end=\"634\">Acest \u0219or\u021b tradi\u021bional din bumbac \u00eembin\u0103 utilul cu frumosul, fiind decorat cu un model floral autentic, \u00een nuan\u021be vibrante de ro\u0219u \u0219i alb. Dotat cu buzunare practice \u0219i realizat din material natural, este ideal pentru g\u0103tit, servit sau pur \u0219i simplu pentru a ad\u0103uga un strop de tradi\u021bie \u00een rutina zilnic\u0103. Confortabil, practic \u0219i cu un design care evoc\u0103 elegan\u021ba portului popular rom\u00e2nesc.<\/p>\n","protected":false},"excerpt":{"rendered":"<p>Acest \u0219or\u021b tradi\u021bional din bumbac \u00eembin\u0103 utilul cu frumosul, fiind decorat cu un model floral autentic, \u00een nuan\u021be vibrante de ro\u0219u \u0219i alb. Dotat cu buzunare practice \u0219i realizat din material natural, este ideal pentru g\u0103tit, servit sau pur \u0219i simplu pentru a ad\u0103uga un strop de tradi\u021bie \u00een rutina zilnic\u0103. Confortabil, practic \u0219i cu un design care evoc\u0103 elegan\u021ba portului popular rom\u00e2nesc.<\/p>\n<p><strong>Dimensiuni:<\/strong> 105cm x50cm<\/p>\n","protected":false},"featured_media":7419,"comment_status":"open","ping_status":"closed","template":"","meta":{"_seopress_robots_primary_cat":"none","_seopress_titles_title":"","_seopress_titles_desc":"","_seopress_robots_index":""},"product_brand":[],"product_cat":[336],"product_tag":[],"class_list":{"0":"post-7408","1":"product","2":"type-product","3":"status-publish","4":"has-post-thumbnail","6":"product_cat-produse-unicat","7":"post-wrapper","8":"thrv_wrapper","10":"first","11":"instock","12":"shipping-taxable","13":"purchasable","14":"product-type-simple"},"_links":{"self":[{"href":"https:\/\/dignita.ro\/ro\/wp-json\/wp\/v2\/product\/7408","targetHints":{"allow":["GET"]}}],"collection":[{"href":"https:\/\/dignita.ro\/ro\/wp-json\/wp\/v2\/product"}],"about":[{"href":"https:\/\/dignita.ro\/ro\/wp-json\/wp\/v2\/types\/product"}],"replies":[{"embeddable":true,"href":"https:\/\/dignita.ro\/ro\/wp-json\/wp\/v2\/comments?post=7408"}],"wp:featuredmedia":[{"embeddable":true,"href":"https:\/\/dignita.ro\/ro\/wp-json\/wp\/v2\/media\/7419"}],"wp:attachment":[{"href":"https:\/\/dignita.ro\/ro\/wp-json\/wp\/v2\/media?parent=7408"}],"wp:term":[{"taxonomy":"product_brand","embeddable":true,"href":"https:\/\/dignita.ro\/ro\/wp-json\/wp\/v2\/product_brand?post=7408"},{"taxonomy":"product_cat","embeddable":true,"href":"https:\/\/dignita.ro\/ro\/wp-json\/wp\/v2\/product_cat?post=7408"},{"taxonomy":"product_tag","embeddable":true,"href":"https:\/\/dignita.ro\/ro\/wp-json\/wp\/v2\/product_tag?post=7408"}],"curies":[{"name":"wp","href":"https:\/\/api.w.org\/{rel}","templated":true}]}}