{"id":7353,"date":"2025-04-18T09:46:35","date_gmt":"2025-04-18T09:46:35","guid":{"rendered":"https:\/\/dignita.ro\/?post_type=product&#038;p=7353"},"modified":"2025-04-18T09:47:42","modified_gmt":"2025-04-18T09:47:42","slug":"sacosa-cu-mesaj-fii-schimbarea","status":"publish","type":"product","link":"https:\/\/dignita.ro\/ro\/produs\/sacosa-cu-mesaj-fii-schimbarea\/","title":{"rendered":"Saco\u0219\u0103 cu mesaj &#8211; Fii schimbarea"},"content":{"rendered":"<p>Saco\u0219\u0103 cu mesaj \u2013 Fii schimbarea este un accesoriu practic \u0219i inspira\u021bional, confec\u021bionat din bumbac \u0219i brodat cu grij\u0103. Cu mesajul motiva\u021bional \u201eFii schimbarea pe care vrei s\u0103 o vezi \u00een lume!\u201d \u2013 Gandhi, brodat elegant, saco\u0219a devine mai mult dec\u00e2t un obiect util: e o declara\u021bie de inten\u021bie. Este \u00eenc\u0103p\u0103toare, durabil\u0103 \u0219i reutilizabil\u0103 \u2013 perfect\u0103 pentru birou, cump\u0103r\u0103turi sau plimb\u0103ri. Un cadou cu semnifica\u021bie sau un reminder zilnic c\u0103 schimbarea \u00eencepe cu tine.<\/p>\n","protected":false},"excerpt":{"rendered":"<p>Saco\u0219\u0103 cu mesaj \u2013 Fii schimbarea este un accesoriu practic \u0219i inspira\u021bional, confec\u021bionat din bumbac \u0219i brodat cu grij\u0103. Cu mesajul motiva\u021bional \u201eFii schimbarea pe care vrei s\u0103 o vezi \u00een lume!\u201d \u2013 Gandhi, brodat elegant, saco\u0219a devine mai mult dec\u00e2t un obiect util: e o declara\u021bie de inten\u021bie. Este \u00eenc\u0103p\u0103toare, durabil\u0103 \u0219i reutilizabil\u0103 \u2013 perfect\u0103 pentru birou, cump\u0103r\u0103turi sau plimb\u0103ri. Un cadou cu semnifica\u021bie sau un reminder zilnic c\u0103 schimbarea \u00eencepe cu tine.<\/p>\n","protected":false},"featured_media":7365,"comment_status":"open","ping_status":"closed","template":"","meta":{"_seopress_robots_primary_cat":"none","_seopress_titles_title":"","_seopress_titles_desc":"","_seopress_robots_index":""},"product_brand":[],"product_cat":[336],"product_tag":[],"class_list":{"0":"post-7353","1":"product","2":"type-product","3":"status-publish","4":"has-post-thumbnail","6":"product_cat-produse-unicat","7":"post-wrapper","8":"thrv_wrapper","10":"first","11":"instock","12":"shipping-taxable","13":"purchasable","14":"product-type-simple"},"_links":{"self":[{"href":"https:\/\/dignita.ro\/ro\/wp-json\/wp\/v2\/product\/7353","targetHints":{"allow":["GET"]}}],"collection":[{"href":"https:\/\/dignita.ro\/ro\/wp-json\/wp\/v2\/product"}],"about":[{"href":"https:\/\/dignita.ro\/ro\/wp-json\/wp\/v2\/types\/product"}],"replies":[{"embeddable":true,"href":"https:\/\/dignita.ro\/ro\/wp-json\/wp\/v2\/comments?post=7353"}],"wp:featuredmedia":[{"embeddable":true,"href":"https:\/\/dignita.ro\/ro\/wp-json\/wp\/v2\/media\/7365"}],"wp:attachment":[{"href":"https:\/\/dignita.ro\/ro\/wp-json\/wp\/v2\/media?parent=7353"}],"wp:term":[{"taxonomy":"product_brand","embeddable":true,"href":"https:\/\/dignita.ro\/ro\/wp-json\/wp\/v2\/product_brand?post=7353"},{"taxonomy":"product_cat","embeddable":true,"href":"https:\/\/dignita.ro\/ro\/wp-json\/wp\/v2\/product_cat?post=7353"},{"taxonomy":"product_tag","embeddable":true,"href":"https:\/\/dignita.ro\/ro\/wp-json\/wp\/v2\/product_tag?post=7353"}],"curies":[{"name":"wp","href":"https:\/\/api.w.org\/{rel}","templated":true}]}}