{"id":7329,"date":"2025-04-13T13:06:49","date_gmt":"2025-04-13T13:06:49","guid":{"rendered":"https:\/\/dignita.ro\/?post_type=product&#038;p=7329"},"modified":"2025-04-13T13:06:50","modified_gmt":"2025-04-13T13:06:50","slug":"elastic-de-par-alba","status":"publish","type":"product","link":"https:\/\/dignita.ro\/ro\/produs\/elastic-de-par-alba\/","title":{"rendered":"Elastic de p\u0103r alb\u0103"},"content":{"rendered":"<p>Elastic de p\u0103r handmade din material textil, creat cu grij\u0103 pentru a oferi confort \u0219i stil. Moale, delicat cu p\u0103rul \u0219i perfect pentru orice ocazie, acest accesoriu unicat adaug\u0103 un plus de elegan\u021b\u0103 \u0219i personalitate fiec\u0103rei coafuri. Disponibil \u00een diverse culori \u0219i modele, este alegerea ideal\u0103 pentru cei care apreciaz\u0103 originalitatea \u0219i lucrul manual.<\/p>\n","protected":false},"excerpt":{"rendered":"<p>Elastic de p\u0103r handmade din material textil, creat cu grij\u0103 pentru a oferi confort \u0219i stil. Moale, delicat cu p\u0103rul \u0219i perfect pentru orice ocazie, acest accesoriu unicat adaug\u0103 un plus de elegan\u021b\u0103 \u0219i personalitate fiec\u0103rei coafuri. Disponibil \u00een diverse culori \u0219i modele, este alegerea ideal\u0103 pentru cei care apreciaz\u0103 originalitatea \u0219i lucrul manual.<\/p>\n","protected":false},"featured_media":7334,"comment_status":"open","ping_status":"closed","template":"","meta":{"_seopress_robots_primary_cat":"none","_seopress_titles_title":"","_seopress_titles_desc":"","_seopress_robots_index":""},"product_brand":[],"product_cat":[336],"product_tag":[],"class_list":{"0":"post-7329","1":"product","2":"type-product","3":"status-publish","4":"has-post-thumbnail","6":"product_cat-produse-unicat","7":"post-wrapper","8":"thrv_wrapper","10":"first","11":"instock","12":"shipping-taxable","13":"purchasable","14":"product-type-simple"},"_links":{"self":[{"href":"https:\/\/dignita.ro\/ro\/wp-json\/wp\/v2\/product\/7329","targetHints":{"allow":["GET"]}}],"collection":[{"href":"https:\/\/dignita.ro\/ro\/wp-json\/wp\/v2\/product"}],"about":[{"href":"https:\/\/dignita.ro\/ro\/wp-json\/wp\/v2\/types\/product"}],"replies":[{"embeddable":true,"href":"https:\/\/dignita.ro\/ro\/wp-json\/wp\/v2\/comments?post=7329"}],"wp:featuredmedia":[{"embeddable":true,"href":"https:\/\/dignita.ro\/ro\/wp-json\/wp\/v2\/media\/7334"}],"wp:attachment":[{"href":"https:\/\/dignita.ro\/ro\/wp-json\/wp\/v2\/media?parent=7329"}],"wp:term":[{"taxonomy":"product_brand","embeddable":true,"href":"https:\/\/dignita.ro\/ro\/wp-json\/wp\/v2\/product_brand?post=7329"},{"taxonomy":"product_cat","embeddable":true,"href":"https:\/\/dignita.ro\/ro\/wp-json\/wp\/v2\/product_cat?post=7329"},{"taxonomy":"product_tag","embeddable":true,"href":"https:\/\/dignita.ro\/ro\/wp-json\/wp\/v2\/product_tag?post=7329"}],"curies":[{"name":"wp","href":"https:\/\/api.w.org\/{rel}","templated":true}]}}