{"id":6586,"date":"2025-03-28T16:00:27","date_gmt":"2025-03-28T16:00:27","guid":{"rendered":"https:\/\/dignita.ro\/?post_type=product&#038;p=6586"},"modified":"2025-03-28T16:00:28","modified_gmt":"2025-03-28T16:00:28","slug":"elastic-de-par-cu-pamblica-bej","status":"publish","type":"product","link":"https:\/\/dignita.ro\/ro\/produs\/elastic-de-par-cu-pamblica-bej\/","title":{"rendered":"Elastic de p\u0103r cu pamblic\u0103 bej"},"content":{"rendered":"<p>Acest elastic de p\u0103r handmade este accesoriul perfect pentru un look elegant \u0219i unic. Realizat cu aten\u021bie la detalii, este decorat cu o pablic\u0103 delicat\u0103, oferind un plus de stil \u0219i rafinament. Ideal pentru orice ocazie, acest accesoriu nu doar fixeaz\u0103 p\u0103rul, ci adaug\u0103 \u0219i o not\u0103 de originalitate fiec\u0103rei coafuri.<\/p>\n","protected":false},"excerpt":{"rendered":"<p>Acest elastic de p\u0103r handmade este accesoriul perfect pentru un look elegant \u0219i unic. Realizat cu aten\u021bie la detalii, este decorat cu o pablic\u0103 delicat\u0103, oferind un plus de stil \u0219i rafinament. Ideal pentru orice ocazie, acest accesoriu nu doar fixeaz\u0103 p\u0103rul, ci adaug\u0103 \u0219i o not\u0103 de originalitate fiec\u0103rei coafuri.<\/p>\n","protected":false},"featured_media":6593,"comment_status":"open","ping_status":"closed","template":"","meta":{"_seopress_robots_primary_cat":"none","_seopress_titles_title":"","_seopress_titles_desc":"","_seopress_robots_index":""},"product_brand":[],"product_cat":[336],"product_tag":[],"class_list":{"0":"post-6586","1":"product","2":"type-product","3":"status-publish","4":"has-post-thumbnail","6":"product_cat-produse-unicat","7":"post-wrapper","8":"thrv_wrapper","10":"first","11":"instock","12":"shipping-taxable","13":"purchasable","14":"product-type-simple"},"_links":{"self":[{"href":"https:\/\/dignita.ro\/ro\/wp-json\/wp\/v2\/product\/6586","targetHints":{"allow":["GET"]}}],"collection":[{"href":"https:\/\/dignita.ro\/ro\/wp-json\/wp\/v2\/product"}],"about":[{"href":"https:\/\/dignita.ro\/ro\/wp-json\/wp\/v2\/types\/product"}],"replies":[{"embeddable":true,"href":"https:\/\/dignita.ro\/ro\/wp-json\/wp\/v2\/comments?post=6586"}],"wp:featuredmedia":[{"embeddable":true,"href":"https:\/\/dignita.ro\/ro\/wp-json\/wp\/v2\/media\/6593"}],"wp:attachment":[{"href":"https:\/\/dignita.ro\/ro\/wp-json\/wp\/v2\/media?parent=6586"}],"wp:term":[{"taxonomy":"product_brand","embeddable":true,"href":"https:\/\/dignita.ro\/ro\/wp-json\/wp\/v2\/product_brand?post=6586"},{"taxonomy":"product_cat","embeddable":true,"href":"https:\/\/dignita.ro\/ro\/wp-json\/wp\/v2\/product_cat?post=6586"},{"taxonomy":"product_tag","embeddable":true,"href":"https:\/\/dignita.ro\/ro\/wp-json\/wp\/v2\/product_tag?post=6586"}],"curies":[{"name":"wp","href":"https:\/\/api.w.org\/{rel}","templated":true}]}}