{"id":608,"date":"2024-07-30T09:37:36","date_gmt":"2024-07-30T09:37:36","guid":{"rendered":"https:\/\/dignita.ro\/?post_type=product&#038;p=608"},"modified":"2025-04-18T15:09:34","modified_gmt":"2025-04-18T15:09:34","slug":"carduri-blessings-for-a-graduate","status":"publish","type":"product","link":"https:\/\/dignita.ro\/ro\/produs\/carduri-blessings-for-a-graduate\/","title":{"rendered":"Carduri &#8211; Blessings for a graduate"},"content":{"rendered":"<p>Cutie cu 50 de cartona\u0219e scrise fa\u021b\u0103-verso. Pe fiecare card este scris un mesaj de \u00eencurajare sau un verset biblic. Reprezint\u0103 un cadou deosebit pentru absolven\u021bi sau pentru cei care au nevoie de o \u00eencurajare pentru viitor.<\/p>\n","protected":false},"excerpt":{"rendered":"<p>Cutie cu 50 de cartona\u0219e scrise fa\u021b\u0103-verso. Pe fiecare card este scris un mesaj de \u00eencurajare sau un verset biblic. Reprezint\u0103 un cadou deosebit pentru absolven\u021bi sau pentru cei care au nevoie de o \u00eencurajare pentru viitor.<\/p>\n","protected":false},"featured_media":5995,"comment_status":"open","ping_status":"closed","template":"","meta":{"_seopress_robots_primary_cat":"none","_seopress_titles_title":"","_seopress_titles_desc":"","_seopress_robots_index":""},"product_brand":[],"product_cat":[128],"product_tag":[],"class_list":{"0":"post-608","1":"product","2":"type-product","3":"status-publish","4":"has-post-thumbnail","6":"product_cat-cadouri","7":"post-wrapper","8":"thrv_wrapper","10":"first","11":"instock","12":"featured","13":"shipping-taxable","14":"purchasable","15":"product-type-simple"},"_links":{"self":[{"href":"https:\/\/dignita.ro\/ro\/wp-json\/wp\/v2\/product\/608","targetHints":{"allow":["GET"]}}],"collection":[{"href":"https:\/\/dignita.ro\/ro\/wp-json\/wp\/v2\/product"}],"about":[{"href":"https:\/\/dignita.ro\/ro\/wp-json\/wp\/v2\/types\/product"}],"replies":[{"embeddable":true,"href":"https:\/\/dignita.ro\/ro\/wp-json\/wp\/v2\/comments?post=608"}],"wp:featuredmedia":[{"embeddable":true,"href":"https:\/\/dignita.ro\/ro\/wp-json\/wp\/v2\/media\/5995"}],"wp:attachment":[{"href":"https:\/\/dignita.ro\/ro\/wp-json\/wp\/v2\/media?parent=608"}],"wp:term":[{"taxonomy":"product_brand","embeddable":true,"href":"https:\/\/dignita.ro\/ro\/wp-json\/wp\/v2\/product_brand?post=608"},{"taxonomy":"product_cat","embeddable":true,"href":"https:\/\/dignita.ro\/ro\/wp-json\/wp\/v2\/product_cat?post=608"},{"taxonomy":"product_tag","embeddable":true,"href":"https:\/\/dignita.ro\/ro\/wp-json\/wp\/v2\/product_tag?post=608"}],"curies":[{"name":"wp","href":"https:\/\/api.w.org\/{rel}","templated":true}]}}