{"id":605,"date":"2024-07-30T09:36:56","date_gmt":"2024-07-30T09:36:56","guid":{"rendered":"https:\/\/dignita.ro\/?post_type=product&#038;p=605"},"modified":"2025-02-07T11:14:20","modified_gmt":"2025-02-07T11:14:20","slug":"carduri-101-blessings-for-little-miss-grace","status":"publish","type":"product","link":"https:\/\/dignita.ro\/ro\/produs\/carduri-101-blessings-for-little-miss-grace\/","title":{"rendered":"Carduri -101 blessings for little Miss Grace"},"content":{"rendered":"<p>Cutie cu 51 de cartona\u0219e cu un text biblic, o zical\u0103 \u0219i\/sau ambele p\u0103r\u021bi ale cardului. Reprezint\u0103 un cadou valoros at\u00e2t pentru tine c\u00e2t \u0219i pentru cineva drag.<\/p>\n","protected":false},"excerpt":{"rendered":"<p>Cutie cu 51 de cartona\u0219e cu un text biblic, o zical\u0103 \u0219i\/sau ambele p\u0103r\u021bi ale cardului. Reprezint\u0103 un cadou valoros at\u00e2t pentru tine c\u00e2t \u0219i pentru cineva drag.<\/p>\n","protected":false},"featured_media":5990,"comment_status":"open","ping_status":"closed","template":"","meta":{"_seopress_robots_primary_cat":"none","_seopress_titles_title":"","_seopress_titles_desc":"","_seopress_robots_index":""},"product_brand":[],"product_cat":[128],"product_tag":[],"class_list":{"0":"post-605","1":"product","2":"type-product","3":"status-publish","4":"has-post-thumbnail","6":"product_cat-cadouri","7":"post-wrapper","8":"thrv_wrapper","10":"first","11":"instock","12":"shipping-taxable","13":"purchasable","14":"product-type-simple"},"_links":{"self":[{"href":"https:\/\/dignita.ro\/ro\/wp-json\/wp\/v2\/product\/605","targetHints":{"allow":["GET"]}}],"collection":[{"href":"https:\/\/dignita.ro\/ro\/wp-json\/wp\/v2\/product"}],"about":[{"href":"https:\/\/dignita.ro\/ro\/wp-json\/wp\/v2\/types\/product"}],"replies":[{"embeddable":true,"href":"https:\/\/dignita.ro\/ro\/wp-json\/wp\/v2\/comments?post=605"}],"wp:featuredmedia":[{"embeddable":true,"href":"https:\/\/dignita.ro\/ro\/wp-json\/wp\/v2\/media\/5990"}],"wp:attachment":[{"href":"https:\/\/dignita.ro\/ro\/wp-json\/wp\/v2\/media?parent=605"}],"wp:term":[{"taxonomy":"product_brand","embeddable":true,"href":"https:\/\/dignita.ro\/ro\/wp-json\/wp\/v2\/product_brand?post=605"},{"taxonomy":"product_cat","embeddable":true,"href":"https:\/\/dignita.ro\/ro\/wp-json\/wp\/v2\/product_cat?post=605"},{"taxonomy":"product_tag","embeddable":true,"href":"https:\/\/dignita.ro\/ro\/wp-json\/wp\/v2\/product_tag?post=605"}],"curies":[{"name":"wp","href":"https:\/\/api.w.org\/{rel}","templated":true}]}}