{"id":586,"date":"2024-07-30T09:30:09","date_gmt":"2024-07-30T09:30:09","guid":{"rendered":"https:\/\/dignita.ro\/?post_type=product&#038;p=586"},"modified":"2025-02-22T15:01:16","modified_gmt":"2025-02-22T15:01:16","slug":"notes-cu-pix-sing-and-make-music-from-your-heart-to-the-lord","status":"publish","type":"product","link":"https:\/\/dignita.ro\/ro\/produs\/notes-cu-pix-sing-and-make-music-from-your-heart-to-the-lord\/","title":{"rendered":"Notes cu pix: Sing and make music from your heart to the Lord"},"content":{"rendered":"<p>Notes cu pix, ideal pentru noti\u021be sau pentru a fi f\u0103cut cadou. Aceste file completate, pot deveni \u00eencurajarea ta zilnic\u0103. Pixul este inclus \u00een pre\u021b. Mesajul reg\u0103sit pe noti\u021be &#8211; &#8222;Sing and make music from your heart to the Lord. Ephesians 5:19&#8221;<\/p>\n","protected":false},"excerpt":{"rendered":"<p>Notes cu pix, ideal pentru noti\u021be sau pentru a fi f\u0103cut cadou. Aceste file completate, pot deveni \u00eencurajarea ta zilnic\u0103. Pixul este inclus \u00een pre\u021b. Mesajul reg\u0103sit pe noti\u021be &#8211; &#8222;Sing and make music from your heart to the Lord. Ephesians 5:19&#8221;<\/p>\n","protected":false},"featured_media":5958,"comment_status":"open","ping_status":"closed","template":"","meta":{"_seopress_robots_primary_cat":"none","_seopress_titles_title":"","_seopress_titles_desc":"","_seopress_robots_index":""},"product_brand":[],"product_cat":[127],"product_tag":[],"class_list":{"0":"post-586","1":"product","2":"type-product","3":"status-publish","4":"has-post-thumbnail","6":"product_cat-agende-notite","7":"post-wrapper","8":"thrv_wrapper","10":"first","11":"instock","12":"shipping-taxable","13":"purchasable","14":"product-type-simple"},"_links":{"self":[{"href":"https:\/\/dignita.ro\/ro\/wp-json\/wp\/v2\/product\/586","targetHints":{"allow":["GET"]}}],"collection":[{"href":"https:\/\/dignita.ro\/ro\/wp-json\/wp\/v2\/product"}],"about":[{"href":"https:\/\/dignita.ro\/ro\/wp-json\/wp\/v2\/types\/product"}],"replies":[{"embeddable":true,"href":"https:\/\/dignita.ro\/ro\/wp-json\/wp\/v2\/comments?post=586"}],"wp:featuredmedia":[{"embeddable":true,"href":"https:\/\/dignita.ro\/ro\/wp-json\/wp\/v2\/media\/5958"}],"wp:attachment":[{"href":"https:\/\/dignita.ro\/ro\/wp-json\/wp\/v2\/media?parent=586"}],"wp:term":[{"taxonomy":"product_brand","embeddable":true,"href":"https:\/\/dignita.ro\/ro\/wp-json\/wp\/v2\/product_brand?post=586"},{"taxonomy":"product_cat","embeddable":true,"href":"https:\/\/dignita.ro\/ro\/wp-json\/wp\/v2\/product_cat?post=586"},{"taxonomy":"product_tag","embeddable":true,"href":"https:\/\/dignita.ro\/ro\/wp-json\/wp\/v2\/product_tag?post=586"}],"curies":[{"name":"wp","href":"https:\/\/api.w.org\/{rel}","templated":true}]}}