{"id":580,"date":"2024-07-30T09:28:17","date_gmt":"2024-07-30T09:28:17","guid":{"rendered":"https:\/\/dignita.ro\/?post_type=product&#038;p=580"},"modified":"2025-03-18T16:51:46","modified_gmt":"2025-03-18T16:51:46","slug":"cana-the-lord-is-my-strength-and-song","status":"publish","type":"product","link":"https:\/\/dignita.ro\/ro\/produs\/cana-the-lord-is-my-strength-and-song\/","title":{"rendered":"Can\u0103 The Lord is my strength and song"},"content":{"rendered":"<p>Bucur\u0103-te de fiecare diminea\u021b\u0103 \u00een prezen\u021ba divin\u0103 cu o can\u0103 special\u0103, imprimat\u0103 cu un mesaj cre\u0219tin profund. Aceast\u0103 can\u0103 aduce o not\u0103 de inspira\u021bie \u00een fiecare zi \u0219i serve\u0219te ca o amintire zilnic\u0103 a credin\u021bei tale. Cu un design elegant, cana \u00eenf\u0103\u021bi\u0219eaz\u0103 cuvinte puternice care \u00ee\u021bi vor umple inima de speran\u021b\u0103 \u0219i bucurie. Mesajul imprimat pe can\u0103 te va \u00eencuraja s\u0103 \u00ee\u021bi \u00eencepi ziua cu g\u00e2nduri pozitive. Realizat\u0103 din ceramic\u0103 de \u00eenalt\u0103 calitate, cana este durabil\u0103 \u0219i pl\u0103cut\u0103 la atingere. Cu o capacitate generoas\u0103, este perfect\u0103 pentru a te \u00eenso\u021bi \u00een timpul rug\u0103ciunilor tale de diminea\u021b\u0103 sau pentru a savura b\u0103utura ta preferat\u0103 \u00een timp ce meditezi la cuvintele divine.<\/p>\n","protected":false},"excerpt":{"rendered":"<p>Bucur\u0103-te de fiecare diminea\u021b\u0103 \u00een prezen\u021ba divin\u0103 cu o can\u0103 special\u0103, imprimat\u0103 cu un mesaj cre\u0219tin profund. Aceast\u0103 can\u0103 aduce o not\u0103 de inspira\u021bie \u00een fiecare zi, este realizat\u0103 din ceramic\u0103 de \u00eenalt\u0103 calitate, cu o capacitate generoas\u0103.<\/p>\n","protected":false},"featured_media":5942,"comment_status":"open","ping_status":"closed","template":"","meta":{"_seopress_robots_primary_cat":"none","_seopress_titles_title":"","_seopress_titles_desc":"","_seopress_robots_index":""},"product_brand":[],"product_cat":[126],"product_tag":[],"class_list":{"0":"post-580","1":"product","2":"type-product","3":"status-publish","4":"has-post-thumbnail","6":"product_cat-bucatarie-si-servire","7":"post-wrapper","8":"thrv_wrapper","10":"first","11":"instock","12":"shipping-taxable","13":"purchasable","14":"product-type-simple"},"_links":{"self":[{"href":"https:\/\/dignita.ro\/ro\/wp-json\/wp\/v2\/product\/580","targetHints":{"allow":["GET"]}}],"collection":[{"href":"https:\/\/dignita.ro\/ro\/wp-json\/wp\/v2\/product"}],"about":[{"href":"https:\/\/dignita.ro\/ro\/wp-json\/wp\/v2\/types\/product"}],"replies":[{"embeddable":true,"href":"https:\/\/dignita.ro\/ro\/wp-json\/wp\/v2\/comments?post=580"}],"wp:featuredmedia":[{"embeddable":true,"href":"https:\/\/dignita.ro\/ro\/wp-json\/wp\/v2\/media\/5942"}],"wp:attachment":[{"href":"https:\/\/dignita.ro\/ro\/wp-json\/wp\/v2\/media?parent=580"}],"wp:term":[{"taxonomy":"product_brand","embeddable":true,"href":"https:\/\/dignita.ro\/ro\/wp-json\/wp\/v2\/product_brand?post=580"},{"taxonomy":"product_cat","embeddable":true,"href":"https:\/\/dignita.ro\/ro\/wp-json\/wp\/v2\/product_cat?post=580"},{"taxonomy":"product_tag","embeddable":true,"href":"https:\/\/dignita.ro\/ro\/wp-json\/wp\/v2\/product_tag?post=580"}],"curies":[{"name":"wp","href":"https:\/\/api.w.org\/{rel}","templated":true}]}}