{"id":577,"date":"2024-07-30T09:27:41","date_gmt":"2024-07-30T09:27:41","guid":{"rendered":"https:\/\/dignita.ro\/?post_type=product&#038;p=577"},"modified":"2025-04-18T15:07:11","modified_gmt":"2025-04-18T15:07:11","slug":"set-ceainic","status":"publish","type":"product","link":"https:\/\/dignita.ro\/ro\/produs\/set-ceainic\/","title":{"rendered":"Set ceainic"},"content":{"rendered":"<p>Un set pentru ceai care ne aminte\u0219te c\u0103 Dumnezeu este sursa \u00eentregii \u00een\u021belepciuni. Ceainicul are un design atr\u0103g\u0103tor care cu siguran\u021b\u0103, v\u0103 va \u00eenc\u00e2nta. Pe acesta este prezentat versetul din Proverbe 24:14 &#8222;Wisdom is sweet to your soul&#8221;. Capacul ceainicului are un orificiu pentru eliberarea aburului. Setul con\u021bine: 1 ceainic, o cea\u0219c\u0103, o farfurie. Caracteristici: Material: ceramic\u0103 -Adecvat pentru cuptorul cu microunde \u0219i ma\u0219ina de sp\u0103lat vase -Cutia oferit\u0103 cadou -Capacitate ceainic: 14 fl oz -Capacitate cea\u0219c\u0103: 8 fl oz.<\/p>\n","protected":false},"excerpt":{"rendered":"<p>Un set pentru ceai care ne aminte\u0219te c\u0103 Dumnezeu este sursa \u00eentregii \u00een\u021belepciuni. Ceainicul are un design atr\u0103g\u0103tor care cu siguran\u021b\u0103, v\u0103 va \u00eenc\u00e2nta. Pe acesta este prezentat versetul din Proverbe 24:14 &#8222;Wisdom is sweet to your soul&#8221;. Capacul ceainicului are un orificiu pentru eliberarea aburului. Setul con\u021bine: 1 ceainic, o cea\u0219c\u0103, o farfurie. Caracteristici: Material: ceramic\u0103 -Adecvat pentru cuptorul cu microunde \u0219i ma\u0219ina de sp\u0103lat vase -Cutia oferit\u0103 cadou -Capacitate ceainic: 14 fl oz -Capacitate cea\u0219c\u0103: 8 fl oz.<\/p>\n","protected":false},"featured_media":5938,"comment_status":"open","ping_status":"closed","template":"","meta":{"_seopress_robots_primary_cat":"none","_seopress_titles_title":"","_seopress_titles_desc":"","_seopress_robots_index":""},"product_brand":[],"product_cat":[126],"product_tag":[],"class_list":{"0":"post-577","1":"product","2":"type-product","3":"status-publish","4":"has-post-thumbnail","6":"product_cat-bucatarie-si-servire","7":"post-wrapper","8":"thrv_wrapper","10":"first","11":"instock","12":"featured","13":"shipping-taxable","14":"purchasable","15":"product-type-simple"},"_links":{"self":[{"href":"https:\/\/dignita.ro\/ro\/wp-json\/wp\/v2\/product\/577","targetHints":{"allow":["GET"]}}],"collection":[{"href":"https:\/\/dignita.ro\/ro\/wp-json\/wp\/v2\/product"}],"about":[{"href":"https:\/\/dignita.ro\/ro\/wp-json\/wp\/v2\/types\/product"}],"replies":[{"embeddable":true,"href":"https:\/\/dignita.ro\/ro\/wp-json\/wp\/v2\/comments?post=577"}],"wp:featuredmedia":[{"embeddable":true,"href":"https:\/\/dignita.ro\/ro\/wp-json\/wp\/v2\/media\/5938"}],"wp:attachment":[{"href":"https:\/\/dignita.ro\/ro\/wp-json\/wp\/v2\/media?parent=577"}],"wp:term":[{"taxonomy":"product_brand","embeddable":true,"href":"https:\/\/dignita.ro\/ro\/wp-json\/wp\/v2\/product_brand?post=577"},{"taxonomy":"product_cat","embeddable":true,"href":"https:\/\/dignita.ro\/ro\/wp-json\/wp\/v2\/product_cat?post=577"},{"taxonomy":"product_tag","embeddable":true,"href":"https:\/\/dignita.ro\/ro\/wp-json\/wp\/v2\/product_tag?post=577"}],"curies":[{"name":"wp","href":"https:\/\/api.w.org\/{rel}","templated":true}]}}