{"id":574,"date":"2024-07-30T09:27:09","date_gmt":"2024-07-30T09:27:09","guid":{"rendered":"https:\/\/dignita.ro\/?post_type=product&#038;p=574"},"modified":"2025-03-18T16:50:32","modified_gmt":"2025-03-18T16:50:32","slug":"tocator-din-lemn-personalizat-matthew-44","status":"publish","type":"product","link":"https:\/\/dignita.ro\/ro\/produs\/tocator-din-lemn-personalizat-matthew-44\/","title":{"rendered":"Toc\u0103tor din lemn personalizat Matthew 4:4"},"content":{"rendered":"<p>Toc\u0103torul de lemn este o pies\u0103 indispensabil\u0103 oric\u0103rei buc\u0103t\u0103rese. Acest toc\u0103tor aduce de la sine frumuse\u021be \u0219i autenticitate. Are imprimat versetul din limba englez\u0103 din Matthew 4:4 &#8222;Man shall not live by bread alone, but by every word that comes from the mouth of God.&#8221; Material: lemn<\/p>\n","protected":false},"excerpt":{"rendered":"<p>Toc\u0103torul de lemn este o pies\u0103 indispensabil\u0103 oric\u0103rei buc\u0103t\u0103rese. Acest toc\u0103tor aduce de la sine frumuse\u021be \u0219i autenticitate. Are imprimat versetul din limba englez\u0103 din Matthew 4:4 &#8222;Man shall not live by bread alone, but by every word that comes from the mouth of God.&#8221; Material: lemn<\/p>\n","protected":false},"featured_media":5932,"comment_status":"open","ping_status":"closed","template":"","meta":{"_seopress_robots_primary_cat":"none","_seopress_titles_title":"","_seopress_titles_desc":"","_seopress_robots_index":""},"product_brand":[],"product_cat":[126],"product_tag":[],"class_list":{"0":"post-574","1":"product","2":"type-product","3":"status-publish","4":"has-post-thumbnail","6":"product_cat-bucatarie-si-servire","7":"post-wrapper","8":"thrv_wrapper","10":"first","11":"instock","12":"shipping-taxable","13":"purchasable","14":"product-type-simple"},"_links":{"self":[{"href":"https:\/\/dignita.ro\/ro\/wp-json\/wp\/v2\/product\/574","targetHints":{"allow":["GET"]}}],"collection":[{"href":"https:\/\/dignita.ro\/ro\/wp-json\/wp\/v2\/product"}],"about":[{"href":"https:\/\/dignita.ro\/ro\/wp-json\/wp\/v2\/types\/product"}],"replies":[{"embeddable":true,"href":"https:\/\/dignita.ro\/ro\/wp-json\/wp\/v2\/comments?post=574"}],"wp:featuredmedia":[{"embeddable":true,"href":"https:\/\/dignita.ro\/ro\/wp-json\/wp\/v2\/media\/5932"}],"wp:attachment":[{"href":"https:\/\/dignita.ro\/ro\/wp-json\/wp\/v2\/media?parent=574"}],"wp:term":[{"taxonomy":"product_brand","embeddable":true,"href":"https:\/\/dignita.ro\/ro\/wp-json\/wp\/v2\/product_brand?post=574"},{"taxonomy":"product_cat","embeddable":true,"href":"https:\/\/dignita.ro\/ro\/wp-json\/wp\/v2\/product_cat?post=574"},{"taxonomy":"product_tag","embeddable":true,"href":"https:\/\/dignita.ro\/ro\/wp-json\/wp\/v2\/product_tag?post=574"}],"curies":[{"name":"wp","href":"https:\/\/api.w.org\/{rel}","templated":true}]}}