{"id":570,"date":"2024-07-30T09:25:23","date_gmt":"2024-07-30T09:25:23","guid":{"rendered":"https:\/\/dignita.ro\/?post_type=product&#038;p=570"},"modified":"2025-01-27T12:25:23","modified_gmt":"2025-01-27T12:25:23","slug":"rama-foto-blessings","status":"publish","type":"product","link":"https:\/\/dignita.ro\/ro\/produs\/rama-foto-blessings\/","title":{"rendered":"Ram\u0103 foto Blessings"},"content":{"rendered":"<p>Aceast\u0103 ram\u0103 foto reprezint\u0103 cadoul ideal pentru cineva drag. \u00cembrac\u0103 cele mai frumoase amintiri \u0219i mai mult de at\u00e2t, reprezint\u0103 un element decorativ excelent ce va ad\u0103uga o not\u0103 de frumuse\u021be spa\u021biului \u00een care locui\u021bi. Rama foto este realizat\u0103 din MDF \u0219i are un mesaj imprimat \u00een limba englez\u0103 &#8222;Rejoice and be exceedingly glad, for great is your reward in Heaven&#8230;Matthew 5:12&#8221; Material: MDF<\/p>\n","protected":false},"excerpt":{"rendered":"<p>Aceast\u0103 ram\u0103 foto reprezint\u0103 cadoul ideal pentru cineva drag. \u00cembrac\u0103 cele mai frumoase amintiri \u0219i mai mult de at\u00e2t, reprezint\u0103 un element decorativ excelent ce va ad\u0103uga o not\u0103 de frumuse\u021be spa\u021biului \u00een care locui\u021bi. Rama foto este realizat\u0103 din MDF \u0219i are un mesaj imprimat \u00een limba englez\u0103 &#8222;Rejoice and be exceedingly glad, for great is your reward in Heaven&#8230;Matthew 5:12&#8221; Material: MDF<\/p>\n","protected":false},"featured_media":5928,"comment_status":"open","ping_status":"closed","template":"","meta":{"_seopress_robots_primary_cat":"none","_seopress_titles_title":"","_seopress_titles_desc":"","_seopress_robots_index":""},"product_brand":[],"product_cat":[99],"product_tag":[],"class_list":{"0":"post-570","1":"product","2":"type-product","3":"status-publish","4":"has-post-thumbnail","6":"product_cat-ornamente","7":"post-wrapper","8":"thrv_wrapper","10":"first","11":"instock","12":"shipping-taxable","13":"purchasable","14":"product-type-simple"},"_links":{"self":[{"href":"https:\/\/dignita.ro\/ro\/wp-json\/wp\/v2\/product\/570","targetHints":{"allow":["GET"]}}],"collection":[{"href":"https:\/\/dignita.ro\/ro\/wp-json\/wp\/v2\/product"}],"about":[{"href":"https:\/\/dignita.ro\/ro\/wp-json\/wp\/v2\/types\/product"}],"replies":[{"embeddable":true,"href":"https:\/\/dignita.ro\/ro\/wp-json\/wp\/v2\/comments?post=570"}],"wp:featuredmedia":[{"embeddable":true,"href":"https:\/\/dignita.ro\/ro\/wp-json\/wp\/v2\/media\/5928"}],"wp:attachment":[{"href":"https:\/\/dignita.ro\/ro\/wp-json\/wp\/v2\/media?parent=570"}],"wp:term":[{"taxonomy":"product_brand","embeddable":true,"href":"https:\/\/dignita.ro\/ro\/wp-json\/wp\/v2\/product_brand?post=570"},{"taxonomy":"product_cat","embeddable":true,"href":"https:\/\/dignita.ro\/ro\/wp-json\/wp\/v2\/product_cat?post=570"},{"taxonomy":"product_tag","embeddable":true,"href":"https:\/\/dignita.ro\/ro\/wp-json\/wp\/v2\/product_tag?post=570"}],"curies":[{"name":"wp","href":"https:\/\/api.w.org\/{rel}","templated":true}]}}