{"id":567,"date":"2024-07-30T09:24:37","date_gmt":"2024-07-30T09:24:37","guid":{"rendered":"https:\/\/dignita.ro\/?post_type=product&#038;p=567"},"modified":"2025-01-27T12:23:37","modified_gmt":"2025-01-27T12:23:37","slug":"cruce-perete-din-cuie-small","status":"publish","type":"product","link":"https:\/\/dignita.ro\/ro\/produs\/cruce-perete-din-cuie-small\/","title":{"rendered":"Cruce perete din cuie small"},"content":{"rendered":"<p>Cruce format\u0103 din 3 cuie care se \u00eent\u00e2lnesc \u00een centru. Fabricat\u0103 din metal.<\/p>\n","protected":false},"excerpt":{"rendered":"<p>Cruce format\u0103 din 3 cuie care se \u00eent\u00e2lnesc \u00een centru. Fabricat\u0103 din metal.<\/p>\n","protected":false},"featured_media":5922,"comment_status":"open","ping_status":"closed","template":"","meta":{"_seopress_robots_primary_cat":"none","_seopress_titles_title":"","_seopress_titles_desc":"","_seopress_robots_index":""},"product_brand":[],"product_cat":[99],"product_tag":[],"class_list":{"0":"post-567","1":"product","2":"type-product","3":"status-publish","4":"has-post-thumbnail","6":"product_cat-ornamente","7":"post-wrapper","8":"thrv_wrapper","10":"first","11":"instock","12":"shipping-taxable","13":"purchasable","14":"product-type-simple"},"_links":{"self":[{"href":"https:\/\/dignita.ro\/ro\/wp-json\/wp\/v2\/product\/567","targetHints":{"allow":["GET"]}}],"collection":[{"href":"https:\/\/dignita.ro\/ro\/wp-json\/wp\/v2\/product"}],"about":[{"href":"https:\/\/dignita.ro\/ro\/wp-json\/wp\/v2\/types\/product"}],"replies":[{"embeddable":true,"href":"https:\/\/dignita.ro\/ro\/wp-json\/wp\/v2\/comments?post=567"}],"wp:featuredmedia":[{"embeddable":true,"href":"https:\/\/dignita.ro\/ro\/wp-json\/wp\/v2\/media\/5922"}],"wp:attachment":[{"href":"https:\/\/dignita.ro\/ro\/wp-json\/wp\/v2\/media?parent=567"}],"wp:term":[{"taxonomy":"product_brand","embeddable":true,"href":"https:\/\/dignita.ro\/ro\/wp-json\/wp\/v2\/product_brand?post=567"},{"taxonomy":"product_cat","embeddable":true,"href":"https:\/\/dignita.ro\/ro\/wp-json\/wp\/v2\/product_cat?post=567"},{"taxonomy":"product_tag","embeddable":true,"href":"https:\/\/dignita.ro\/ro\/wp-json\/wp\/v2\/product_tag?post=567"}],"curies":[{"name":"wp","href":"https:\/\/api.w.org\/{rel}","templated":true}]}}