{"id":5661,"date":"2024-12-17T10:24:44","date_gmt":"2024-12-17T10:24:44","guid":{"rendered":"https:\/\/dignita.ro\/?post_type=product&#038;p=5661"},"modified":"2024-12-17T14:02:41","modified_gmt":"2024-12-17T14:02:41","slug":"rama-foto-bucata-de-puzzle","status":"publish","type":"product","link":"https:\/\/dignita.ro\/ro\/produs\/rama-foto-bucata-de-puzzle\/","title":{"rendered":"Ram\u0103 foto bucat\u0103 de puzzle"},"content":{"rendered":"<p>Decora\u021bi-v\u0103 locuin\u021ba sau biroul cu aceast\u0103 ram\u0103 foto \u00een form\u0103 de puzzle. Material: MDF<\/p>\n","protected":false},"excerpt":{"rendered":"<p>Decora\u021bi-v\u0103 locuin\u021ba sau biroul cu aceast\u0103 ram\u0103 foto \u00een form\u0103 de puzzle. Material: MDF<\/p>\n","protected":false},"featured_media":5658,"comment_status":"open","ping_status":"closed","template":"","meta":{"_seopress_robots_primary_cat":"none","_seopress_titles_title":"","_seopress_titles_desc":"","_seopress_robots_index":""},"product_brand":[],"product_cat":[99],"product_tag":[],"class_list":{"0":"post-5661","1":"product","2":"type-product","3":"status-publish","4":"has-post-thumbnail","6":"product_cat-ornamente","7":"post-wrapper","8":"thrv_wrapper","10":"first","11":"instock","12":"shipping-taxable","13":"purchasable","14":"product-type-simple"},"_links":{"self":[{"href":"https:\/\/dignita.ro\/ro\/wp-json\/wp\/v2\/product\/5661","targetHints":{"allow":["GET"]}}],"collection":[{"href":"https:\/\/dignita.ro\/ro\/wp-json\/wp\/v2\/product"}],"about":[{"href":"https:\/\/dignita.ro\/ro\/wp-json\/wp\/v2\/types\/product"}],"replies":[{"embeddable":true,"href":"https:\/\/dignita.ro\/ro\/wp-json\/wp\/v2\/comments?post=5661"}],"wp:featuredmedia":[{"embeddable":true,"href":"https:\/\/dignita.ro\/ro\/wp-json\/wp\/v2\/media\/5658"}],"wp:attachment":[{"href":"https:\/\/dignita.ro\/ro\/wp-json\/wp\/v2\/media?parent=5661"}],"wp:term":[{"taxonomy":"product_brand","embeddable":true,"href":"https:\/\/dignita.ro\/ro\/wp-json\/wp\/v2\/product_brand?post=5661"},{"taxonomy":"product_cat","embeddable":true,"href":"https:\/\/dignita.ro\/ro\/wp-json\/wp\/v2\/product_cat?post=5661"},{"taxonomy":"product_tag","embeddable":true,"href":"https:\/\/dignita.ro\/ro\/wp-json\/wp\/v2\/product_tag?post=5661"}],"curies":[{"name":"wp","href":"https:\/\/api.w.org\/{rel}","templated":true}]}}