{"id":555,"date":"2024-07-30T08:56:12","date_gmt":"2024-07-30T08:56:12","guid":{"rendered":"https:\/\/dignita.ro\/?post_type=product&#038;p=555"},"modified":"2024-12-17T11:05:57","modified_gmt":"2024-12-17T11:05:57","slug":"tablou-puzzle-piece-family","status":"publish","type":"product","link":"https:\/\/dignita.ro\/ro\/produs\/tablou-puzzle-piece-family\/","title":{"rendered":"Tablou puzzle piece Family"},"content":{"rendered":"<p>Decora\u021bi-v\u0103 locuin\u021ba sau biroul cu acest tablou \u00een form\u0103 de puzzle. Este o pies\u0103 decorativ\u0103 unic\u0103 \u0219i impresionant\u0103. Material: MDF<\/p>\n","protected":false},"excerpt":{"rendered":"<p>Decora\u021bi-v\u0103 locuin\u021ba sau biroul cu acest tablou \u00een form\u0103 de puzzle. Este o pies\u0103 decorativ\u0103 unic\u0103 \u0219i impresionant\u0103. Material: MDF<\/p>\n","protected":false},"featured_media":5656,"comment_status":"open","ping_status":"closed","template":"","meta":{"_seopress_robots_primary_cat":"none","_seopress_titles_title":"","_seopress_titles_desc":"","_seopress_robots_index":""},"product_brand":[],"product_cat":[99],"product_tag":[],"class_list":{"0":"post-555","1":"product","2":"type-product","3":"status-publish","4":"has-post-thumbnail","6":"product_cat-ornamente","7":"post-wrapper","8":"thrv_wrapper","10":"first","11":"instock","12":"shipping-taxable","13":"purchasable","14":"product-type-simple"},"_links":{"self":[{"href":"https:\/\/dignita.ro\/ro\/wp-json\/wp\/v2\/product\/555","targetHints":{"allow":["GET"]}}],"collection":[{"href":"https:\/\/dignita.ro\/ro\/wp-json\/wp\/v2\/product"}],"about":[{"href":"https:\/\/dignita.ro\/ro\/wp-json\/wp\/v2\/types\/product"}],"replies":[{"embeddable":true,"href":"https:\/\/dignita.ro\/ro\/wp-json\/wp\/v2\/comments?post=555"}],"wp:featuredmedia":[{"embeddable":true,"href":"https:\/\/dignita.ro\/ro\/wp-json\/wp\/v2\/media\/5656"}],"wp:attachment":[{"href":"https:\/\/dignita.ro\/ro\/wp-json\/wp\/v2\/media?parent=555"}],"wp:term":[{"taxonomy":"product_brand","embeddable":true,"href":"https:\/\/dignita.ro\/ro\/wp-json\/wp\/v2\/product_brand?post=555"},{"taxonomy":"product_cat","embeddable":true,"href":"https:\/\/dignita.ro\/ro\/wp-json\/wp\/v2\/product_cat?post=555"},{"taxonomy":"product_tag","embeddable":true,"href":"https:\/\/dignita.ro\/ro\/wp-json\/wp\/v2\/product_tag?post=555"}],"curies":[{"name":"wp","href":"https:\/\/api.w.org\/{rel}","templated":true}]}}