{"id":552,"date":"2024-07-30T08:55:16","date_gmt":"2024-07-30T08:55:16","guid":{"rendered":"https:\/\/dignita.ro\/?post_type=product&#038;p=552"},"modified":"2025-01-27T12:18:42","modified_gmt":"2025-01-27T12:18:42","slug":"tablou-canvas-road-to-the-cross","status":"publish","type":"product","link":"https:\/\/dignita.ro\/ro\/produs\/tablou-canvas-road-to-the-cross\/","title":{"rendered":"Tablou canvas Road to the Cross"},"content":{"rendered":"<p>Acest tablou surprinde momentul sf\u00e2\u0219ietor c\u00e2nd Isus a purtat greutatea crucii pe umeri. \u00cel \u00eenf\u0103\u021bi\u0219eaz\u0103 pe Isus \u00eentr-o stare de agonie \u00een timp ce \u00eengenuncheaz\u0103 de durere, cu crucea \u021bin\u00e2ndu-se pe el.<\/p>\n","protected":false},"excerpt":{"rendered":"<p>Acest tablou surprinde momentul sf\u00e2\u0219ietor c\u00e2nd Isus a purtat greutatea crucii pe umeri. \u00cel \u00eenf\u0103\u021bi\u0219eaz\u0103 pe Isus \u00eentr-o stare de agonie \u00een timp ce \u00eengenuncheaz\u0103 de durere, cu crucea \u021bin\u00e2ndu-se pe el.<\/p>\n","protected":false},"featured_media":5920,"comment_status":"open","ping_status":"closed","template":"","meta":{"_seopress_robots_primary_cat":"none","_seopress_titles_title":"","_seopress_titles_desc":"","_seopress_robots_index":""},"product_brand":[],"product_cat":[99],"product_tag":[],"class_list":{"0":"post-552","1":"product","2":"type-product","3":"status-publish","4":"has-post-thumbnail","6":"product_cat-ornamente","7":"post-wrapper","8":"thrv_wrapper","10":"first","11":"instock","12":"shipping-taxable","13":"purchasable","14":"product-type-simple"},"_links":{"self":[{"href":"https:\/\/dignita.ro\/ro\/wp-json\/wp\/v2\/product\/552","targetHints":{"allow":["GET"]}}],"collection":[{"href":"https:\/\/dignita.ro\/ro\/wp-json\/wp\/v2\/product"}],"about":[{"href":"https:\/\/dignita.ro\/ro\/wp-json\/wp\/v2\/types\/product"}],"replies":[{"embeddable":true,"href":"https:\/\/dignita.ro\/ro\/wp-json\/wp\/v2\/comments?post=552"}],"wp:featuredmedia":[{"embeddable":true,"href":"https:\/\/dignita.ro\/ro\/wp-json\/wp\/v2\/media\/5920"}],"wp:attachment":[{"href":"https:\/\/dignita.ro\/ro\/wp-json\/wp\/v2\/media?parent=552"}],"wp:term":[{"taxonomy":"product_brand","embeddable":true,"href":"https:\/\/dignita.ro\/ro\/wp-json\/wp\/v2\/product_brand?post=552"},{"taxonomy":"product_cat","embeddable":true,"href":"https:\/\/dignita.ro\/ro\/wp-json\/wp\/v2\/product_cat?post=552"},{"taxonomy":"product_tag","embeddable":true,"href":"https:\/\/dignita.ro\/ro\/wp-json\/wp\/v2\/product_tag?post=552"}],"curies":[{"name":"wp","href":"https:\/\/api.w.org\/{rel}","templated":true}]}}