{"id":549,"date":"2024-07-30T08:54:16","date_gmt":"2024-07-30T08:54:16","guid":{"rendered":"https:\/\/dignita.ro\/?post_type=product&#038;p=549"},"modified":"2025-01-27T12:17:05","modified_gmt":"2025-01-27T12:17:05","slug":"ghiveci-ceramic-tip-cana-sow-the-seeds-of-kidness","status":"publish","type":"product","link":"https:\/\/dignita.ro\/ro\/produs\/ghiveci-ceramic-tip-cana-sow-the-seeds-of-kidness\/","title":{"rendered":"Ghiveci ceramic tip can\u0103 &#8211; Sow the seeds of kidness"},"content":{"rendered":"<p>Ghiveciul ceramic reprezint\u0103 un obiectiv decorativ deosebit de frumos. Acest tip de ghiveci este realizat din ceramic\u0103 de \u00eenalt\u0103 calitate, av\u00e2nd forma unei c\u0103ni supradimensionate. Pe exteriorul s\u0103u, este inscrip\u021bionat un mesaj care va aduce o stare de bine oricui.<\/p>\n","protected":false},"excerpt":{"rendered":"<p>Ghiveciul ceramic reprezint\u0103 un obiectiv decorativ deosebit de frumos. Acest tip de ghiveci este realizat din ceramic\u0103 de \u00eenalt\u0103 calitate, av\u00e2nd forma unei c\u0103ni supradimensionate. Pe exteriorul s\u0103u, este inscrip\u021bionat un mesaj care va aduce o stare de bine oricui.<\/p>\n","protected":false},"featured_media":5916,"comment_status":"open","ping_status":"closed","template":"","meta":{"_seopress_robots_primary_cat":"none","_seopress_titles_title":"","_seopress_titles_desc":"","_seopress_robots_index":""},"product_brand":[],"product_cat":[99],"product_tag":[],"class_list":{"0":"post-549","1":"product","2":"type-product","3":"status-publish","4":"has-post-thumbnail","6":"product_cat-ornamente","7":"post-wrapper","8":"thrv_wrapper","10":"first","11":"instock","12":"shipping-taxable","13":"purchasable","14":"product-type-simple"},"_links":{"self":[{"href":"https:\/\/dignita.ro\/ro\/wp-json\/wp\/v2\/product\/549","targetHints":{"allow":["GET"]}}],"collection":[{"href":"https:\/\/dignita.ro\/ro\/wp-json\/wp\/v2\/product"}],"about":[{"href":"https:\/\/dignita.ro\/ro\/wp-json\/wp\/v2\/types\/product"}],"replies":[{"embeddable":true,"href":"https:\/\/dignita.ro\/ro\/wp-json\/wp\/v2\/comments?post=549"}],"wp:featuredmedia":[{"embeddable":true,"href":"https:\/\/dignita.ro\/ro\/wp-json\/wp\/v2\/media\/5916"}],"wp:attachment":[{"href":"https:\/\/dignita.ro\/ro\/wp-json\/wp\/v2\/media?parent=549"}],"wp:term":[{"taxonomy":"product_brand","embeddable":true,"href":"https:\/\/dignita.ro\/ro\/wp-json\/wp\/v2\/product_brand?post=549"},{"taxonomy":"product_cat","embeddable":true,"href":"https:\/\/dignita.ro\/ro\/wp-json\/wp\/v2\/product_cat?post=549"},{"taxonomy":"product_tag","embeddable":true,"href":"https:\/\/dignita.ro\/ro\/wp-json\/wp\/v2\/product_tag?post=549"}],"curies":[{"name":"wp","href":"https:\/\/api.w.org\/{rel}","templated":true}]}}