{"id":546,"date":"2024-07-30T08:53:42","date_gmt":"2024-07-30T08:53:42","guid":{"rendered":"https:\/\/dignita.ro\/?post_type=product&#038;p=546"},"modified":"2025-01-27T12:16:02","modified_gmt":"2025-01-27T12:16:02","slug":"set-lampi-solare-tip-borcan-the-way-the-truth-and-the-life","status":"publish","type":"product","link":"https:\/\/dignita.ro\/ro\/produs\/set-lampi-solare-tip-borcan-the-way-the-truth-and-the-life\/","title":{"rendered":"Set l\u0103mpi solare tip borcan &#8211; The way, the truth and the life"},"content":{"rendered":"<p>L\u0103mpile solare decorative &#8211; accesorii elegante \u0219i func\u021bionale pentru orice spa\u021biu exterior. Designul lor include un recipient transparent, umplut par\u021bial cu nisip, \u00een care este a\u0219ezat\u0103 o lum\u00e2nare. Acestea creeaz\u0103 o atmosfer\u0103 cald\u0103 \u0219i primitoare. Sunt ideale pentru terase, gr\u0103dini sau evenimente \u00een aer liber.<\/p>\n","protected":false},"excerpt":{"rendered":"<p>L\u0103mpile solare decorative &#8211; accesorii elegante \u0219i func\u021bionale pentru orice spa\u021biu exterior. Designul lor include un recipient transparent, umplut par\u021bial cu nisip, \u00een care este a\u0219ezat\u0103 o lum\u00e2nare. Acestea creeaz\u0103 o atmosfer\u0103 cald\u0103 \u0219i primitoare. Sunt ideale pentru terase, gr\u0103dini sau evenimente \u00een aer liber.<\/p>\n","protected":false},"featured_media":5914,"comment_status":"open","ping_status":"closed","template":"","meta":{"_seopress_robots_primary_cat":"none","_seopress_titles_title":"","_seopress_titles_desc":"","_seopress_robots_index":""},"product_brand":[],"product_cat":[99],"product_tag":[],"class_list":{"0":"post-546","1":"product","2":"type-product","3":"status-publish","4":"has-post-thumbnail","6":"product_cat-ornamente","7":"post-wrapper","8":"thrv_wrapper","10":"first","11":"instock","12":"shipping-taxable","13":"purchasable","14":"product-type-simple"},"_links":{"self":[{"href":"https:\/\/dignita.ro\/ro\/wp-json\/wp\/v2\/product\/546","targetHints":{"allow":["GET"]}}],"collection":[{"href":"https:\/\/dignita.ro\/ro\/wp-json\/wp\/v2\/product"}],"about":[{"href":"https:\/\/dignita.ro\/ro\/wp-json\/wp\/v2\/types\/product"}],"replies":[{"embeddable":true,"href":"https:\/\/dignita.ro\/ro\/wp-json\/wp\/v2\/comments?post=546"}],"wp:featuredmedia":[{"embeddable":true,"href":"https:\/\/dignita.ro\/ro\/wp-json\/wp\/v2\/media\/5914"}],"wp:attachment":[{"href":"https:\/\/dignita.ro\/ro\/wp-json\/wp\/v2\/media?parent=546"}],"wp:term":[{"taxonomy":"product_brand","embeddable":true,"href":"https:\/\/dignita.ro\/ro\/wp-json\/wp\/v2\/product_brand?post=546"},{"taxonomy":"product_cat","embeddable":true,"href":"https:\/\/dignita.ro\/ro\/wp-json\/wp\/v2\/product_cat?post=546"},{"taxonomy":"product_tag","embeddable":true,"href":"https:\/\/dignita.ro\/ro\/wp-json\/wp\/v2\/product_tag?post=546"}],"curies":[{"name":"wp","href":"https:\/\/api.w.org\/{rel}","templated":true}]}}