{"id":543,"date":"2024-07-30T08:52:37","date_gmt":"2024-07-30T08:52:37","guid":{"rendered":"https:\/\/dignita.ro\/?post_type=product&#038;p=543"},"modified":"2025-02-19T06:47:42","modified_gmt":"2025-02-19T06:47:42","slug":"set-decor-gradina-din-rasina","status":"publish","type":"product","link":"https:\/\/dignita.ro\/ro\/produs\/set-decor-gradina-din-rasina\/","title":{"rendered":"Set decor gr\u0103din\u0103 din r\u0103\u0219in\u0103"},"content":{"rendered":"<p>Decora\u021biunile de gr\u0103din\u0103 au ca rol \u00eenfrumuse\u021barea spa\u021biului astfel ca la final s\u0103 rezulte un mic paradis chiar la dumneavoastr\u0103 acas\u0103. Piesele sunt realizate din r\u0103\u0219in\u0103, iar aspectul lor vor aduce o not\u0103 de elegan\u021b\u0103.<\/p>\n<p>Material: r\u0103\u0219in\u0103<\/p>\n<p>Set de 4 buc\u0103\u021bi<\/p>\n","protected":false},"excerpt":{"rendered":"<p>Decora\u021biunile de gr\u0103din\u0103 au ca rol \u00eenfrumuse\u021barea spa\u021biului astfel ca la final s\u0103 rezulte un mic paradis chiar la dumneavoastr\u0103 acas\u0103. Piesele sunt realizate din r\u0103\u0219in\u0103, iar aspectul lor vor aduce o not\u0103 de elegan\u021b\u0103.<\/p>\n<p>Material: r\u0103\u0219in\u0103<\/p>\n<p>Set de 4 buc\u0103\u021bi<\/p>\n","protected":false},"featured_media":5901,"comment_status":"open","ping_status":"closed","template":"","meta":{"_seopress_robots_primary_cat":"none","_seopress_titles_title":"","_seopress_titles_desc":"","_seopress_robots_index":""},"product_brand":[],"product_cat":[99],"product_tag":[],"class_list":{"0":"post-543","1":"product","2":"type-product","3":"status-publish","4":"has-post-thumbnail","6":"product_cat-ornamente","7":"post-wrapper","8":"thrv_wrapper","10":"first","11":"instock","12":"shipping-taxable","13":"purchasable","14":"product-type-simple"},"_links":{"self":[{"href":"https:\/\/dignita.ro\/ro\/wp-json\/wp\/v2\/product\/543","targetHints":{"allow":["GET"]}}],"collection":[{"href":"https:\/\/dignita.ro\/ro\/wp-json\/wp\/v2\/product"}],"about":[{"href":"https:\/\/dignita.ro\/ro\/wp-json\/wp\/v2\/types\/product"}],"replies":[{"embeddable":true,"href":"https:\/\/dignita.ro\/ro\/wp-json\/wp\/v2\/comments?post=543"}],"wp:featuredmedia":[{"embeddable":true,"href":"https:\/\/dignita.ro\/ro\/wp-json\/wp\/v2\/media\/5901"}],"wp:attachment":[{"href":"https:\/\/dignita.ro\/ro\/wp-json\/wp\/v2\/media?parent=543"}],"wp:term":[{"taxonomy":"product_brand","embeddable":true,"href":"https:\/\/dignita.ro\/ro\/wp-json\/wp\/v2\/product_brand?post=543"},{"taxonomy":"product_cat","embeddable":true,"href":"https:\/\/dignita.ro\/ro\/wp-json\/wp\/v2\/product_cat?post=543"},{"taxonomy":"product_tag","embeddable":true,"href":"https:\/\/dignita.ro\/ro\/wp-json\/wp\/v2\/product_tag?post=543"}],"curies":[{"name":"wp","href":"https:\/\/api.w.org\/{rel}","templated":true}]}}