{"id":537,"date":"2024-07-30T08:50:55","date_gmt":"2024-07-30T08:50:55","guid":{"rendered":"https:\/\/dignita.ro\/?post_type=product&#038;p=537"},"modified":"2025-01-27T11:55:12","modified_gmt":"2025-01-27T11:55:12","slug":"cruce-decorativa-verde-psalm-119114","status":"publish","type":"product","link":"https:\/\/dignita.ro\/ro\/produs\/cruce-decorativa-verde-psalm-119114\/","title":{"rendered":"Cruce decorativ\u0103 verde Psalm 119:114"},"content":{"rendered":"<p>Crucea &#8211; o reamintire simpl\u0103 dar, puternic\u0103 a credin\u021bei tale. Material: lemn<\/p>\n","protected":false},"excerpt":{"rendered":"<p>Crucea &#8211; o reamintire simpl\u0103 dar, puternic\u0103 a credin\u021bei tale. Material: lemn<\/p>\n","protected":false},"featured_media":5891,"comment_status":"open","ping_status":"closed","template":"","meta":{"_seopress_robots_primary_cat":"none","_seopress_titles_title":"","_seopress_titles_desc":"","_seopress_robots_index":""},"product_brand":[],"product_cat":[99],"product_tag":[],"class_list":{"0":"post-537","1":"product","2":"type-product","3":"status-publish","4":"has-post-thumbnail","6":"product_cat-ornamente","7":"post-wrapper","8":"thrv_wrapper","10":"first","11":"instock","12":"shipping-taxable","13":"purchasable","14":"product-type-simple"},"_links":{"self":[{"href":"https:\/\/dignita.ro\/ro\/wp-json\/wp\/v2\/product\/537","targetHints":{"allow":["GET"]}}],"collection":[{"href":"https:\/\/dignita.ro\/ro\/wp-json\/wp\/v2\/product"}],"about":[{"href":"https:\/\/dignita.ro\/ro\/wp-json\/wp\/v2\/types\/product"}],"replies":[{"embeddable":true,"href":"https:\/\/dignita.ro\/ro\/wp-json\/wp\/v2\/comments?post=537"}],"wp:featuredmedia":[{"embeddable":true,"href":"https:\/\/dignita.ro\/ro\/wp-json\/wp\/v2\/media\/5891"}],"wp:attachment":[{"href":"https:\/\/dignita.ro\/ro\/wp-json\/wp\/v2\/media?parent=537"}],"wp:term":[{"taxonomy":"product_brand","embeddable":true,"href":"https:\/\/dignita.ro\/ro\/wp-json\/wp\/v2\/product_brand?post=537"},{"taxonomy":"product_cat","embeddable":true,"href":"https:\/\/dignita.ro\/ro\/wp-json\/wp\/v2\/product_cat?post=537"},{"taxonomy":"product_tag","embeddable":true,"href":"https:\/\/dignita.ro\/ro\/wp-json\/wp\/v2\/product_tag?post=537"}],"curies":[{"name":"wp","href":"https:\/\/api.w.org\/{rel}","templated":true}]}}