{"id":534,"date":"2024-07-30T08:49:34","date_gmt":"2024-07-30T08:49:34","guid":{"rendered":"https:\/\/dignita.ro\/?post_type=product&#038;p=534"},"modified":"2025-01-27T11:43:05","modified_gmt":"2025-01-27T11:43:05","slug":"cruce-decor-faith","status":"publish","type":"product","link":"https:\/\/dignita.ro\/ro\/produs\/cruce-decor-faith\/","title":{"rendered":"Cruce decor Faith"},"content":{"rendered":"<p>Aceast\u0103 cruce este o pies\u0103 unic\u0103 \u0219i special\u0103, ce eman\u0103 unicitate \u0219i originalitate. Aspectul colorat va ad\u0103uga o not\u0103 de rafinament casei tale. Pe cruce este inscrip\u021bionat cuv\u00e2ntul Faith. Material: MDF<\/p>\n","protected":false},"excerpt":{"rendered":"<p>Aceast\u0103 cruce este o pies\u0103 unic\u0103 \u0219i special\u0103. Aspectul colorat va ad\u0103uga o not\u0103 de rafinament casei tale. Pe cruce este inscrip\u021bionat cuv\u00e2ntul Faith. Material: MDF<\/p>\n","protected":false},"featured_media":5884,"comment_status":"open","ping_status":"closed","template":"","meta":{"_seopress_robots_primary_cat":"none","_seopress_titles_title":"","_seopress_titles_desc":"","_seopress_robots_index":""},"product_brand":[],"product_cat":[99],"product_tag":[],"class_list":{"0":"post-534","1":"product","2":"type-product","3":"status-publish","4":"has-post-thumbnail","6":"product_cat-ornamente","7":"post-wrapper","8":"thrv_wrapper","10":"first","11":"instock","12":"shipping-taxable","13":"purchasable","14":"product-type-simple"},"_links":{"self":[{"href":"https:\/\/dignita.ro\/ro\/wp-json\/wp\/v2\/product\/534","targetHints":{"allow":["GET"]}}],"collection":[{"href":"https:\/\/dignita.ro\/ro\/wp-json\/wp\/v2\/product"}],"about":[{"href":"https:\/\/dignita.ro\/ro\/wp-json\/wp\/v2\/types\/product"}],"replies":[{"embeddable":true,"href":"https:\/\/dignita.ro\/ro\/wp-json\/wp\/v2\/comments?post=534"}],"wp:featuredmedia":[{"embeddable":true,"href":"https:\/\/dignita.ro\/ro\/wp-json\/wp\/v2\/media\/5884"}],"wp:attachment":[{"href":"https:\/\/dignita.ro\/ro\/wp-json\/wp\/v2\/media?parent=534"}],"wp:term":[{"taxonomy":"product_brand","embeddable":true,"href":"https:\/\/dignita.ro\/ro\/wp-json\/wp\/v2\/product_brand?post=534"},{"taxonomy":"product_cat","embeddable":true,"href":"https:\/\/dignita.ro\/ro\/wp-json\/wp\/v2\/product_cat?post=534"},{"taxonomy":"product_tag","embeddable":true,"href":"https:\/\/dignita.ro\/ro\/wp-json\/wp\/v2\/product_tag?post=534"}],"curies":[{"name":"wp","href":"https:\/\/api.w.org\/{rel}","templated":true}]}}