{"id":531,"date":"2024-07-30T08:43:26","date_gmt":"2024-07-30T08:43:26","guid":{"rendered":"https:\/\/dignita.ro\/?post_type=product&#038;p=531"},"modified":"2025-01-27T11:36:47","modified_gmt":"2025-01-27T11:36:47","slug":"decoratiune-sticla-comemorativa","status":"publish","type":"product","link":"https:\/\/dignita.ro\/ro\/produs\/decoratiune-sticla-comemorativa\/","title":{"rendered":"Decora\u021biune sticl\u0103 comemorativ\u0103"},"content":{"rendered":"<p>Decora\u021biunea din sticl\u0103 este o pies\u0103 decorativ\u0103 de bun gust \u0219i decent nu numai pentru morm\u00e2nt, ci \u0219i ca decor pentru aranjamente funerare. Include un spa\u021biu pentru lum\u00e2nare \u0219i fotografie. Material: sticl\u0103<\/p>\n","protected":false},"excerpt":{"rendered":"<p>Decora\u021biunea din sticl\u0103 este o pies\u0103 decorativ\u0103 de bun gust \u0219i decent nu numai pentru morm\u00e2nt, ci \u0219i ca decor pentru aranjamente funerare. Include un spa\u021biu pentru lum\u00e2nare \u0219i fotografie. Material: sticl\u0103<\/p>\n","protected":false},"featured_media":5882,"comment_status":"open","ping_status":"closed","template":"","meta":{"_seopress_robots_primary_cat":"none","_seopress_titles_title":"","_seopress_titles_desc":"","_seopress_robots_index":""},"product_brand":[],"product_cat":[99],"product_tag":[],"class_list":{"0":"post-531","1":"product","2":"type-product","3":"status-publish","4":"has-post-thumbnail","6":"product_cat-ornamente","7":"post-wrapper","8":"thrv_wrapper","10":"first","11":"instock","12":"shipping-taxable","13":"purchasable","14":"product-type-simple"},"_links":{"self":[{"href":"https:\/\/dignita.ro\/ro\/wp-json\/wp\/v2\/product\/531","targetHints":{"allow":["GET"]}}],"collection":[{"href":"https:\/\/dignita.ro\/ro\/wp-json\/wp\/v2\/product"}],"about":[{"href":"https:\/\/dignita.ro\/ro\/wp-json\/wp\/v2\/types\/product"}],"replies":[{"embeddable":true,"href":"https:\/\/dignita.ro\/ro\/wp-json\/wp\/v2\/comments?post=531"}],"wp:featuredmedia":[{"embeddable":true,"href":"https:\/\/dignita.ro\/ro\/wp-json\/wp\/v2\/media\/5882"}],"wp:attachment":[{"href":"https:\/\/dignita.ro\/ro\/wp-json\/wp\/v2\/media?parent=531"}],"wp:term":[{"taxonomy":"product_brand","embeddable":true,"href":"https:\/\/dignita.ro\/ro\/wp-json\/wp\/v2\/product_brand?post=531"},{"taxonomy":"product_cat","embeddable":true,"href":"https:\/\/dignita.ro\/ro\/wp-json\/wp\/v2\/product_cat?post=531"},{"taxonomy":"product_tag","embeddable":true,"href":"https:\/\/dignita.ro\/ro\/wp-json\/wp\/v2\/product_tag?post=531"}],"curies":[{"name":"wp","href":"https:\/\/api.w.org\/{rel}","templated":true}]}}