{"id":5137,"date":"2024-09-19T12:47:15","date_gmt":"2024-09-19T12:47:15","guid":{"rendered":"https:\/\/dignita.ro\/?post_type=product&#038;p=5137"},"modified":"2025-04-13T12:39:26","modified_gmt":"2025-04-13T12:39:26","slug":"lantisor-i-love-cross","status":"publish","type":"product","link":"https:\/\/dignita.ro\/ro\/produs\/lantisor-i-love-cross\/","title":{"rendered":"L\u0103n\u021bi\u0219or I love cross"},"content":{"rendered":"<p>Umbla\u021bi \u00een dragostea \u0219i pacea lui Dumnezeu \u0219tiind c\u0103 sunte\u021bi iubite. Acest l\u0103n\u021bi\u0219or ne aminte\u0219te de harul lui Hristos \u0219i mai mult de at\u00e2t, reprezint\u0103 un accesoriu care ne va sublinia \u00eentr-un chip armonios feminitatea \u0219i frumuse\u021bea.<\/p>\n<p>Material: o\u021bel inoxidabil<\/p>\n","protected":false},"excerpt":{"rendered":"<p>Umbla\u021bi \u00een dragostea \u0219i pacea lui Dumnezeu \u0219tiind c\u0103 sunte\u021bi iubite. Acest l\u0103n\u021bi\u0219or ne aminte\u0219te de harul lui Hristos \u0219i mai mult de at\u00e2t, reprezint\u0103 un accesoriu care ne va sublinia \u00eentr-un chip armonios feminitatea \u0219i frumuse\u021bea.<\/p>\n<p>Material: o\u021bel inoxidabil<\/p>\n","protected":false},"featured_media":5142,"comment_status":"open","ping_status":"closed","template":"","meta":{"_seopress_robots_primary_cat":"none","_seopress_titles_title":"","_seopress_titles_desc":"","_seopress_robots_index":""},"product_brand":[],"product_cat":[67],"product_tag":[],"class_list":{"0":"post-5137","1":"product","2":"type-product","3":"status-publish","4":"has-post-thumbnail","6":"product_cat-bijuterii","7":"post-wrapper","8":"thrv_wrapper","10":"first","11":"instock","12":"shipping-taxable","13":"purchasable","14":"product-type-simple"},"_links":{"self":[{"href":"https:\/\/dignita.ro\/ro\/wp-json\/wp\/v2\/product\/5137","targetHints":{"allow":["GET"]}}],"collection":[{"href":"https:\/\/dignita.ro\/ro\/wp-json\/wp\/v2\/product"}],"about":[{"href":"https:\/\/dignita.ro\/ro\/wp-json\/wp\/v2\/types\/product"}],"replies":[{"embeddable":true,"href":"https:\/\/dignita.ro\/ro\/wp-json\/wp\/v2\/comments?post=5137"}],"wp:featuredmedia":[{"embeddable":true,"href":"https:\/\/dignita.ro\/ro\/wp-json\/wp\/v2\/media\/5142"}],"wp:attachment":[{"href":"https:\/\/dignita.ro\/ro\/wp-json\/wp\/v2\/media?parent=5137"}],"wp:term":[{"taxonomy":"product_brand","embeddable":true,"href":"https:\/\/dignita.ro\/ro\/wp-json\/wp\/v2\/product_brand?post=5137"},{"taxonomy":"product_cat","embeddable":true,"href":"https:\/\/dignita.ro\/ro\/wp-json\/wp\/v2\/product_cat?post=5137"},{"taxonomy":"product_tag","embeddable":true,"href":"https:\/\/dignita.ro\/ro\/wp-json\/wp\/v2\/product_tag?post=5137"}],"curies":[{"name":"wp","href":"https:\/\/api.w.org\/{rel}","templated":true}]}}