{"id":5099,"date":"2024-09-19T12:37:36","date_gmt":"2024-09-19T12:37:36","guid":{"rendered":"https:\/\/dignita.ro\/?post_type=product&#038;p=5099"},"modified":"2025-04-13T12:09:37","modified_gmt":"2025-04-13T12:09:37","slug":"lantisor-bff","status":"publish","type":"product","link":"https:\/\/dignita.ro\/ro\/produs\/lantisor-bff\/","title":{"rendered":"L\u0103n\u021bi\u0219or  BFF"},"content":{"rendered":"<p>Un cadou ideal pentru cea mai bun\u0103 prieten\u0103 \u0219i un accesoriu care s\u0103-\u021bi aminteasc\u0103 c\u00e2t de binecuv\u00e2ntat e\u0219ti av\u00e2nd o persoan\u0103 at\u00e2t de special\u0103 \u00een via\u021ba ta. Mai mult de at\u00e2t, simplitatea \u0219i fine\u021bea acestui l\u0103n\u021bi\u0219or va complimenta \u021binuta ta \u00eentr-un mod armonios.<\/p>\n","protected":false},"excerpt":{"rendered":"<p>Un cadou ideal pentru cea mai bun\u0103 prieten\u0103 \u0219i un accesoriu care s\u0103-\u021bi aminteasc\u0103 c\u00e2t de binecuv\u00e2ntat e\u0219ti av\u00e2nd o persoan\u0103 at\u00e2t de special\u0103 \u00een via\u021ba ta. Mai mult de at\u00e2t, simplitatea \u0219i fine\u021bea acestui l\u0103n\u021bi\u0219or va complimenta \u021binuta ta \u00eentr-un mod armonios.<\/p>\n","protected":false},"featured_media":7272,"comment_status":"open","ping_status":"closed","template":"","meta":{"_seopress_robots_primary_cat":"none","_seopress_titles_title":"","_seopress_titles_desc":"","_seopress_robots_index":""},"product_brand":[],"product_cat":[67],"product_tag":[],"class_list":{"0":"post-5099","1":"product","2":"type-product","3":"status-publish","4":"has-post-thumbnail","6":"product_cat-bijuterii","7":"post-wrapper","8":"thrv_wrapper","10":"first","11":"instock","12":"shipping-taxable","13":"purchasable","14":"product-type-simple"},"_links":{"self":[{"href":"https:\/\/dignita.ro\/ro\/wp-json\/wp\/v2\/product\/5099","targetHints":{"allow":["GET"]}}],"collection":[{"href":"https:\/\/dignita.ro\/ro\/wp-json\/wp\/v2\/product"}],"about":[{"href":"https:\/\/dignita.ro\/ro\/wp-json\/wp\/v2\/types\/product"}],"replies":[{"embeddable":true,"href":"https:\/\/dignita.ro\/ro\/wp-json\/wp\/v2\/comments?post=5099"}],"wp:featuredmedia":[{"embeddable":true,"href":"https:\/\/dignita.ro\/ro\/wp-json\/wp\/v2\/media\/7272"}],"wp:attachment":[{"href":"https:\/\/dignita.ro\/ro\/wp-json\/wp\/v2\/media?parent=5099"}],"wp:term":[{"taxonomy":"product_brand","embeddable":true,"href":"https:\/\/dignita.ro\/ro\/wp-json\/wp\/v2\/product_brand?post=5099"},{"taxonomy":"product_cat","embeddable":true,"href":"https:\/\/dignita.ro\/ro\/wp-json\/wp\/v2\/product_cat?post=5099"},{"taxonomy":"product_tag","embeddable":true,"href":"https:\/\/dignita.ro\/ro\/wp-json\/wp\/v2\/product_tag?post=5099"}],"curies":[{"name":"wp","href":"https:\/\/api.w.org\/{rel}","templated":true}]}}