{"id":5094,"date":"2024-09-19T12:35:03","date_gmt":"2024-09-19T12:35:03","guid":{"rendered":"https:\/\/dignita.ro\/?post_type=product&#038;p=5094"},"modified":"2025-04-13T12:04:31","modified_gmt":"2025-04-13T12:04:31","slug":"cercei-butterfly-fish-details","status":"publish","type":"product","link":"https:\/\/dignita.ro\/ro\/produs\/cercei-butterfly-fish-details\/","title":{"rendered":"Cercei Butterfly &#8211; Fish details"},"content":{"rendered":"<p>Cerceii Butterfly &#8211; realiza\u021bi din o\u021bel inoxidabil asigur\u0103 at\u00e2t calitate, c\u00e2t \u0219i str\u0103lucire. Designul are un cerc de care at\u00e2rn\u0103 semnul pe\u0219telui. Pe\u0219tele este semnul pe care cre\u0219tinii l-au utilizat de-a lungul istoriei pentru a se identifica. Isus a zis: &#8222;Veni\u021bi dup\u0103 mine \u0219i v\u0103 voi face pescari de oameni&#8221; (Matei 4:19). P\u0103stra\u021bi ace\u0219ti cercei pentru a v\u0103 aminti de credin\u021ba voastr\u0103 \u0219i de nevoia de a \u00eemp\u0103rt\u0103\u0219i c\u0103 Isus Hristos, fiul lui Dumnezeu este Salvatorul vostru.<\/p>\n<p>Material: o\u021bel inoxidabil<\/p>\n","protected":false},"excerpt":{"rendered":"<p>Cerceii Butterfly &#8211; realiza\u021bi din o\u021bel inoxidabil asigur\u0103 at\u00e2t calitate, c\u00e2t \u0219i str\u0103lucire. Designul are un cerc de care at\u00e2rn\u0103 semnul pe\u0219telui. Pe\u0219tele este semnul pe care cre\u0219tinii l-au utilizat de-a lungul istoriei pentru a se identifica. Isus a zis: &#8222;Veni\u021bi dup\u0103 mine \u0219i v\u0103 voi face pescari de oameni&#8221; (Matei 4:19). P\u0103stra\u021bi ace\u0219ti cercei pentru a v\u0103 aminti de credin\u021ba voastr\u0103 \u0219i de nevoia de a \u00eemp\u0103rt\u0103\u0219i c\u0103 Isus Hristos, fiul lui Dumnezeu este Salvatorul vostru.<\/p>\n<p>Material: o\u021bel inoxidabil<\/p>\n","protected":false},"featured_media":7268,"comment_status":"open","ping_status":"closed","template":"","meta":{"_seopress_robots_primary_cat":"none","_seopress_titles_title":"","_seopress_titles_desc":"","_seopress_robots_index":""},"product_brand":[],"product_cat":[67],"product_tag":[],"class_list":{"0":"post-5094","1":"product","2":"type-product","3":"status-publish","4":"has-post-thumbnail","6":"product_cat-bijuterii","7":"post-wrapper","8":"thrv_wrapper","10":"first","11":"instock","12":"shipping-taxable","13":"purchasable","14":"product-type-simple"},"_links":{"self":[{"href":"https:\/\/dignita.ro\/ro\/wp-json\/wp\/v2\/product\/5094","targetHints":{"allow":["GET"]}}],"collection":[{"href":"https:\/\/dignita.ro\/ro\/wp-json\/wp\/v2\/product"}],"about":[{"href":"https:\/\/dignita.ro\/ro\/wp-json\/wp\/v2\/types\/product"}],"replies":[{"embeddable":true,"href":"https:\/\/dignita.ro\/ro\/wp-json\/wp\/v2\/comments?post=5094"}],"wp:featuredmedia":[{"embeddable":true,"href":"https:\/\/dignita.ro\/ro\/wp-json\/wp\/v2\/media\/7268"}],"wp:attachment":[{"href":"https:\/\/dignita.ro\/ro\/wp-json\/wp\/v2\/media?parent=5094"}],"wp:term":[{"taxonomy":"product_brand","embeddable":true,"href":"https:\/\/dignita.ro\/ro\/wp-json\/wp\/v2\/product_brand?post=5094"},{"taxonomy":"product_cat","embeddable":true,"href":"https:\/\/dignita.ro\/ro\/wp-json\/wp\/v2\/product_cat?post=5094"},{"taxonomy":"product_tag","embeddable":true,"href":"https:\/\/dignita.ro\/ro\/wp-json\/wp\/v2\/product_tag?post=5094"}],"curies":[{"name":"wp","href":"https:\/\/api.w.org\/{rel}","templated":true}]}}