{"id":509,"date":"2024-07-30T08:33:02","date_gmt":"2024-07-30T08:33:02","guid":{"rendered":"https:\/\/dignita.ro\/?post_type=product&#038;p=509"},"modified":"2025-01-27T11:14:04","modified_gmt":"2025-01-27T11:14:04","slug":"rama-foto-wedding-1-corinthians-13","status":"publish","type":"product","link":"https:\/\/dignita.ro\/ro\/produs\/rama-foto-wedding-1-corinthians-13\/","title":{"rendered":"Ram\u0103 foto nunt\u0103-1 Corinthians 13"},"content":{"rendered":"<p>Aceast\u0103 ram\u0103 foto reprezint\u0103 cadoul ideal pentru cineva drag sau chiar un cadou persoanal cu ocazia celebr\u0103rii nun\u021bii voastre. \u00cembrac\u0103 cele mai frumoase amintiri \u0219i mai mult de at\u00e2t, reprezint\u0103 un element decorativ excelent ce va ad\u0103uga o not\u0103 de frumuse\u021be spa\u021biului \u00een care locui\u021bi. Rama foto este realizat\u0103 din lemn \u0219i are un mesaj imprimat \u00een limba englez\u0103 &#8222;Love is patient, love is kind, it does not envy, it does not boast&#8230;love never fails &#8211; 1 Corinthians 13&#8221;. Material: lemn<\/p>\n","protected":false},"excerpt":{"rendered":"<p>Aceast\u0103 ram\u0103 foto reprezint\u0103 cadoul ideal pentru cineva drag sau chiar un cadou persoanal cu ocazia celebr\u0103rii nun\u021bii voastre. Rama foto este realizat\u0103 din lemn \u0219i are un mesaj imprimat \u00een limba englez\u0103 &#8222;Love is patient, love is kind, it does not envy, it does not boast&#8230;love never fails &#8211; 1 Corinthians 13&#8221;. Material: lemn<\/p>\n","protected":false},"featured_media":5858,"comment_status":"open","ping_status":"closed","template":"","meta":{"_seopress_robots_primary_cat":"none","_seopress_titles_title":"","_seopress_titles_desc":"","_seopress_robots_index":""},"product_brand":[],"product_cat":[99],"product_tag":[],"class_list":{"0":"post-509","1":"product","2":"type-product","3":"status-publish","4":"has-post-thumbnail","6":"product_cat-ornamente","7":"post-wrapper","8":"thrv_wrapper","10":"first","11":"instock","12":"shipping-taxable","13":"purchasable","14":"product-type-simple"},"_links":{"self":[{"href":"https:\/\/dignita.ro\/ro\/wp-json\/wp\/v2\/product\/509","targetHints":{"allow":["GET"]}}],"collection":[{"href":"https:\/\/dignita.ro\/ro\/wp-json\/wp\/v2\/product"}],"about":[{"href":"https:\/\/dignita.ro\/ro\/wp-json\/wp\/v2\/types\/product"}],"replies":[{"embeddable":true,"href":"https:\/\/dignita.ro\/ro\/wp-json\/wp\/v2\/comments?post=509"}],"wp:featuredmedia":[{"embeddable":true,"href":"https:\/\/dignita.ro\/ro\/wp-json\/wp\/v2\/media\/5858"}],"wp:attachment":[{"href":"https:\/\/dignita.ro\/ro\/wp-json\/wp\/v2\/media?parent=509"}],"wp:term":[{"taxonomy":"product_brand","embeddable":true,"href":"https:\/\/dignita.ro\/ro\/wp-json\/wp\/v2\/product_brand?post=509"},{"taxonomy":"product_cat","embeddable":true,"href":"https:\/\/dignita.ro\/ro\/wp-json\/wp\/v2\/product_cat?post=509"},{"taxonomy":"product_tag","embeddable":true,"href":"https:\/\/dignita.ro\/ro\/wp-json\/wp\/v2\/product_tag?post=509"}],"curies":[{"name":"wp","href":"https:\/\/api.w.org\/{rel}","templated":true}]}}