{"id":5078,"date":"2024-09-19T12:30:37","date_gmt":"2024-09-19T12:30:37","guid":{"rendered":"https:\/\/dignita.ro\/?post_type=product&#038;p=5078"},"modified":"2025-04-12T20:45:18","modified_gmt":"2025-04-12T20:45:18","slug":"medalion-cu-poza-philippians-413","status":"publish","type":"product","link":"https:\/\/dignita.ro\/ro\/produs\/medalion-cu-poza-philippians-413\/","title":{"rendered":"Medalion cu poz\u0103 Philippians 4:13"},"content":{"rendered":"<p>Umple-\u021bi medalionul cu amintiri! Po\u021bi s\u0103 pui fotografia ta preferat\u0103. Medalionul este o comoar\u0103 \u00een sine care completeaz\u0103 frumuse\u021bea proprie. Vei dori s\u0103-l por\u021bi \u00een fiecare zi.<\/p>\n","protected":false},"excerpt":{"rendered":"<p>Umple-\u021bi medalionul cu amintiri! Po\u021bi s\u0103 pui fotografia ta preferat\u0103. Medalionul este o comoar\u0103 \u00een sine care completeaz\u0103 frumuse\u021bea proprie. Vei dori s\u0103-l por\u021bi \u00een fiecare zi.<\/p>\n","protected":false},"featured_media":7264,"comment_status":"open","ping_status":"closed","template":"","meta":{"_seopress_robots_primary_cat":"none","_seopress_titles_title":"","_seopress_titles_desc":"","_seopress_robots_index":""},"product_brand":[],"product_cat":[67],"product_tag":[],"class_list":{"0":"post-5078","1":"product","2":"type-product","3":"status-publish","4":"has-post-thumbnail","6":"product_cat-bijuterii","7":"post-wrapper","8":"thrv_wrapper","10":"first","11":"instock","12":"shipping-taxable","13":"purchasable","14":"product-type-simple"},"_links":{"self":[{"href":"https:\/\/dignita.ro\/ro\/wp-json\/wp\/v2\/product\/5078","targetHints":{"allow":["GET"]}}],"collection":[{"href":"https:\/\/dignita.ro\/ro\/wp-json\/wp\/v2\/product"}],"about":[{"href":"https:\/\/dignita.ro\/ro\/wp-json\/wp\/v2\/types\/product"}],"replies":[{"embeddable":true,"href":"https:\/\/dignita.ro\/ro\/wp-json\/wp\/v2\/comments?post=5078"}],"wp:featuredmedia":[{"embeddable":true,"href":"https:\/\/dignita.ro\/ro\/wp-json\/wp\/v2\/media\/7264"}],"wp:attachment":[{"href":"https:\/\/dignita.ro\/ro\/wp-json\/wp\/v2\/media?parent=5078"}],"wp:term":[{"taxonomy":"product_brand","embeddable":true,"href":"https:\/\/dignita.ro\/ro\/wp-json\/wp\/v2\/product_brand?post=5078"},{"taxonomy":"product_cat","embeddable":true,"href":"https:\/\/dignita.ro\/ro\/wp-json\/wp\/v2\/product_cat?post=5078"},{"taxonomy":"product_tag","embeddable":true,"href":"https:\/\/dignita.ro\/ro\/wp-json\/wp\/v2\/product_tag?post=5078"}],"curies":[{"name":"wp","href":"https:\/\/api.w.org\/{rel}","templated":true}]}}