{"id":5058,"date":"2024-09-19T12:25:13","date_gmt":"2024-09-19T12:25:13","guid":{"rendered":"https:\/\/dignita.ro\/?post_type=product&#038;p=5058"},"modified":"2025-04-12T20:35:59","modified_gmt":"2025-04-12T20:35:59","slug":"lant-barbati-cross-1","status":"publish","type":"product","link":"https:\/\/dignita.ro\/ro\/produs\/lant-barbati-cross-1\/","title":{"rendered":"Lan\u021b b\u0103rba\u021bi Cross 1"},"content":{"rendered":"<p>Lan\u021b b\u0103rba\u021bi personalizat, gravat cu o cruce &#8211; este accesoriul perfect pentru purtare zilnic\u0103. Ceea ce \u00eel face deosebit este faptul c\u0103 este unic. S\u0103rb\u0103tori\u021bi victoria puternic\u0103 \u0219i emo\u021bionant\u0103 a lui Isus asupra mor\u021bii. Crucea are semnifica\u021bie \u0219i poart\u0103 o greutate doar cu o privire.<\/p>\n<p>Material: metal<\/p>\n","protected":false},"excerpt":{"rendered":"<p>Lan\u021b b\u0103rba\u021bi personalizat, gravat cu o cruce &#8211; este accesoriul perfect pentru purtare zilnic\u0103. Ceea ce \u00eel face deosebit este faptul c\u0103 este unic. S\u0103rb\u0103tori\u021bi victoria puternic\u0103 \u0219i emo\u021bionant\u0103 a lui Isus asupra mor\u021bii. Crucea are semnifica\u021bie \u0219i poart\u0103 o greutate doar cu o privire.<\/p>\n<p>Material: metal<\/p>\n","protected":false},"featured_media":7252,"comment_status":"open","ping_status":"closed","template":"","meta":{"_seopress_robots_primary_cat":"none","_seopress_titles_title":"","_seopress_titles_desc":"","_seopress_robots_index":""},"product_brand":[],"product_cat":[67],"product_tag":[],"class_list":{"0":"post-5058","1":"product","2":"type-product","3":"status-publish","4":"has-post-thumbnail","6":"product_cat-bijuterii","7":"post-wrapper","8":"thrv_wrapper","10":"first","11":"instock","12":"shipping-taxable","13":"purchasable","14":"product-type-simple"},"_links":{"self":[{"href":"https:\/\/dignita.ro\/ro\/wp-json\/wp\/v2\/product\/5058","targetHints":{"allow":["GET"]}}],"collection":[{"href":"https:\/\/dignita.ro\/ro\/wp-json\/wp\/v2\/product"}],"about":[{"href":"https:\/\/dignita.ro\/ro\/wp-json\/wp\/v2\/types\/product"}],"replies":[{"embeddable":true,"href":"https:\/\/dignita.ro\/ro\/wp-json\/wp\/v2\/comments?post=5058"}],"wp:featuredmedia":[{"embeddable":true,"href":"https:\/\/dignita.ro\/ro\/wp-json\/wp\/v2\/media\/7252"}],"wp:attachment":[{"href":"https:\/\/dignita.ro\/ro\/wp-json\/wp\/v2\/media?parent=5058"}],"wp:term":[{"taxonomy":"product_brand","embeddable":true,"href":"https:\/\/dignita.ro\/ro\/wp-json\/wp\/v2\/product_brand?post=5058"},{"taxonomy":"product_cat","embeddable":true,"href":"https:\/\/dignita.ro\/ro\/wp-json\/wp\/v2\/product_cat?post=5058"},{"taxonomy":"product_tag","embeddable":true,"href":"https:\/\/dignita.ro\/ro\/wp-json\/wp\/v2\/product_tag?post=5058"}],"curies":[{"name":"wp","href":"https:\/\/api.w.org\/{rel}","templated":true}]}}