{"id":5040,"date":"2024-09-19T12:19:58","date_gmt":"2024-09-19T12:19:58","guid":{"rendered":"https:\/\/dignita.ro\/?post_type=product&#038;p=5040"},"modified":"2025-04-12T20:21:30","modified_gmt":"2025-04-12T20:21:30","slug":"bratara-din-piele-when-you-saw","status":"publish","type":"product","link":"https:\/\/dignita.ro\/ro\/produs\/bratara-din-piele-when-you-saw\/","title":{"rendered":"Br\u0103\u021bar\u0103 din piele &#8222;When you saw&#8221;"},"content":{"rendered":"<p>\u021aine\u021bi-v\u0103 tare de credin\u021b\u0103, familie \u0219i libertate atunci c\u00e2nd purta\u021bi aceast\u0103 br\u0103\u021bar\u0103 care exprim\u0103 o stare de \u00eenving\u0103tor datorat\u0103 mesajului inscrip\u021bionat pe aceasta &#8222;When you saw only one set of footprints, it was then that I carried you&#8221;. Br\u0103\u021bara este realizat\u0103 din piele neagr\u0103 iar placa inscrip\u021bionat\u0103 din metal.<\/p>\n","protected":false},"excerpt":{"rendered":"<p>\u021aine\u021bi-v\u0103 tare de credin\u021b\u0103, familie \u0219i libertate atunci c\u00e2nd purta\u021bi aceast\u0103 br\u0103\u021bar\u0103 care exprim\u0103 o stare de \u00eenving\u0103tor datorat\u0103 mesajului inscrip\u021bionat pe aceasta &#8222;When you saw only one set of footprints, it was then that I carried you&#8221;. Br\u0103\u021bara este realizat\u0103 din piele neagr\u0103 iar placa inscrip\u021bionat\u0103 din metal.<\/p>\n","protected":false},"featured_media":7246,"comment_status":"open","ping_status":"closed","template":"","meta":{"_seopress_robots_primary_cat":"none","_seopress_titles_title":"","_seopress_titles_desc":"","_seopress_robots_index":""},"product_brand":[],"product_cat":[67],"product_tag":[],"class_list":{"0":"post-5040","1":"product","2":"type-product","3":"status-publish","4":"has-post-thumbnail","6":"product_cat-bijuterii","7":"post-wrapper","8":"thrv_wrapper","10":"first","11":"instock","12":"shipping-taxable","13":"purchasable","14":"product-type-simple"},"_links":{"self":[{"href":"https:\/\/dignita.ro\/ro\/wp-json\/wp\/v2\/product\/5040","targetHints":{"allow":["GET"]}}],"collection":[{"href":"https:\/\/dignita.ro\/ro\/wp-json\/wp\/v2\/product"}],"about":[{"href":"https:\/\/dignita.ro\/ro\/wp-json\/wp\/v2\/types\/product"}],"replies":[{"embeddable":true,"href":"https:\/\/dignita.ro\/ro\/wp-json\/wp\/v2\/comments?post=5040"}],"wp:featuredmedia":[{"embeddable":true,"href":"https:\/\/dignita.ro\/ro\/wp-json\/wp\/v2\/media\/7246"}],"wp:attachment":[{"href":"https:\/\/dignita.ro\/ro\/wp-json\/wp\/v2\/media?parent=5040"}],"wp:term":[{"taxonomy":"product_brand","embeddable":true,"href":"https:\/\/dignita.ro\/ro\/wp-json\/wp\/v2\/product_brand?post=5040"},{"taxonomy":"product_cat","embeddable":true,"href":"https:\/\/dignita.ro\/ro\/wp-json\/wp\/v2\/product_cat?post=5040"},{"taxonomy":"product_tag","embeddable":true,"href":"https:\/\/dignita.ro\/ro\/wp-json\/wp\/v2\/product_tag?post=5040"}],"curies":[{"name":"wp","href":"https:\/\/api.w.org\/{rel}","templated":true}]}}