{"id":5037,"date":"2024-09-19T12:17:24","date_gmt":"2024-09-19T12:17:24","guid":{"rendered":"https:\/\/dignita.ro\/?post_type=product&#038;p=5037"},"modified":"2025-04-12T20:16:01","modified_gmt":"2025-04-12T20:16:01","slug":"colier-cu-ancora-si-perla-albastra","status":"publish","type":"product","link":"https:\/\/dignita.ro\/ro\/produs\/colier-cu-ancora-si-perla-albastra\/","title":{"rendered":"Colier cu ancor\u0103 \u0219i perl\u0103 albastr\u0103"},"content":{"rendered":"<p>Descoperi\u021bi elegan\u021ba subtil\u0103 a acestui colier format dintr-o perl\u0103 albastr\u0103 care adaug\u0103 un strop de str\u0103lucire \u0219i rafinament oric\u0103rei \u021binute \u0219i pandantivul prezent sub forma unei ancore.<\/p>\n<p>Material: Aliaj solid, pe baz\u0103 de cositor, f\u0103r\u0103 plumb<\/p>\n<p>Culoare: argintiu \u0219i perl\u0103 albastr\u0103<\/p>\n","protected":false},"excerpt":{"rendered":"<p>Descoperi\u021bi elegan\u021ba subtil\u0103 a acestui colier format dintr-o perl\u0103 albastr\u0103 care adaug\u0103 un strop de str\u0103lucire \u0219i rafinament oric\u0103rei \u021binute \u0219i pandantivul prezent sub forma unei ancore.<\/p>\n<p>Material: Aliaj solid, pe baz\u0103 de cositor, f\u0103r\u0103 plumb<\/p>\n<p>Culoare: argintiu \u0219i perl\u0103 albastr\u0103<\/p>\n","protected":false},"featured_media":7237,"comment_status":"open","ping_status":"closed","template":"","meta":{"_seopress_robots_primary_cat":"none","_seopress_titles_title":"","_seopress_titles_desc":"","_seopress_robots_index":""},"product_brand":[],"product_cat":[67],"product_tag":[],"class_list":{"0":"post-5037","1":"product","2":"type-product","3":"status-publish","4":"has-post-thumbnail","6":"product_cat-bijuterii","7":"post-wrapper","8":"thrv_wrapper","10":"first","11":"instock","12":"shipping-taxable","13":"purchasable","14":"product-type-simple"},"_links":{"self":[{"href":"https:\/\/dignita.ro\/ro\/wp-json\/wp\/v2\/product\/5037","targetHints":{"allow":["GET"]}}],"collection":[{"href":"https:\/\/dignita.ro\/ro\/wp-json\/wp\/v2\/product"}],"about":[{"href":"https:\/\/dignita.ro\/ro\/wp-json\/wp\/v2\/types\/product"}],"replies":[{"embeddable":true,"href":"https:\/\/dignita.ro\/ro\/wp-json\/wp\/v2\/comments?post=5037"}],"wp:featuredmedia":[{"embeddable":true,"href":"https:\/\/dignita.ro\/ro\/wp-json\/wp\/v2\/media\/7237"}],"wp:attachment":[{"href":"https:\/\/dignita.ro\/ro\/wp-json\/wp\/v2\/media?parent=5037"}],"wp:term":[{"taxonomy":"product_brand","embeddable":true,"href":"https:\/\/dignita.ro\/ro\/wp-json\/wp\/v2\/product_brand?post=5037"},{"taxonomy":"product_cat","embeddable":true,"href":"https:\/\/dignita.ro\/ro\/wp-json\/wp\/v2\/product_cat?post=5037"},{"taxonomy":"product_tag","embeddable":true,"href":"https:\/\/dignita.ro\/ro\/wp-json\/wp\/v2\/product_tag?post=5037"}],"curies":[{"name":"wp","href":"https:\/\/api.w.org\/{rel}","templated":true}]}}