{"id":496,"date":"2024-07-30T08:17:40","date_gmt":"2024-07-30T08:17:40","guid":{"rendered":"https:\/\/dignita.ro\/?post_type=product&#038;p=496"},"modified":"2025-01-27T11:08:16","modified_gmt":"2025-01-27T11:08:16","slug":"figurina-din-rasina-take-you-time-hebrews-612","status":"publish","type":"product","link":"https:\/\/dignita.ro\/ro\/produs\/figurina-din-rasina-take-you-time-hebrews-612\/","title":{"rendered":"Figurin\u0103 din r\u0103\u0219in\u0103 \u201dTake you time\u201d Hebrews 6:12"},"content":{"rendered":"<p>Decora\u021biunile de gr\u0103din\u0103 au ca rol \u00eenfrumuse\u021barea spa\u021biului astfel ca la final s\u0103 rezulte un mic paradis chiar la dumneavoastr\u0103 acas\u0103. Figurina \u201dTake your time\u201d este realizat\u0103 din r\u0103\u0219in\u0103, iar aspectul ei juc\u0103u\u0219 \u0219i colorat aduce o not\u0103 de elegan\u021b\u0103. Aceast\u0103 figurin\u0103 poate fi oferit\u0103 cu u\u0219urin\u021b\u0103 ca \u0219i un cadou. Mesaj: Hebrews 6:12 Material: r\u0103\u0219in\u0103<\/p>\n","protected":false},"excerpt":{"rendered":"<p>Decora\u021biunile de gr\u0103din\u0103 au ca rol \u00eenfrumuse\u021barea spa\u021biului astfel ca la final s\u0103 rezulte un mic paradis chiar la dumneavoastr\u0103 acas\u0103. Figurina \u201dTake your time\u201d este realizat\u0103 din r\u0103\u0219in\u0103, iar aspectul ei juc\u0103u\u0219 \u0219i colorat aduce o not\u0103 de elegan\u021b\u0103. Aceast\u0103 figurin\u0103 poate fi oferit\u0103 cu u\u0219urin\u021b\u0103 ca \u0219i un cadou.<\/p>\n<p>Mesaj: Hebrews 6:12<\/p>\n<p>Material: r\u0103\u0219in\u0103<\/p>\n","protected":false},"featured_media":5844,"comment_status":"open","ping_status":"closed","template":"","meta":{"_seopress_robots_primary_cat":"none","_seopress_titles_title":"","_seopress_titles_desc":"","_seopress_robots_index":""},"product_brand":[],"product_cat":[99],"product_tag":[],"class_list":{"0":"post-496","1":"product","2":"type-product","3":"status-publish","4":"has-post-thumbnail","6":"product_cat-ornamente","7":"post-wrapper","8":"thrv_wrapper","10":"first","11":"instock","12":"shipping-taxable","13":"purchasable","14":"product-type-simple"},"_links":{"self":[{"href":"https:\/\/dignita.ro\/ro\/wp-json\/wp\/v2\/product\/496","targetHints":{"allow":["GET"]}}],"collection":[{"href":"https:\/\/dignita.ro\/ro\/wp-json\/wp\/v2\/product"}],"about":[{"href":"https:\/\/dignita.ro\/ro\/wp-json\/wp\/v2\/types\/product"}],"replies":[{"embeddable":true,"href":"https:\/\/dignita.ro\/ro\/wp-json\/wp\/v2\/comments?post=496"}],"wp:featuredmedia":[{"embeddable":true,"href":"https:\/\/dignita.ro\/ro\/wp-json\/wp\/v2\/media\/5844"}],"wp:attachment":[{"href":"https:\/\/dignita.ro\/ro\/wp-json\/wp\/v2\/media?parent=496"}],"wp:term":[{"taxonomy":"product_brand","embeddable":true,"href":"https:\/\/dignita.ro\/ro\/wp-json\/wp\/v2\/product_brand?post=496"},{"taxonomy":"product_cat","embeddable":true,"href":"https:\/\/dignita.ro\/ro\/wp-json\/wp\/v2\/product_cat?post=496"},{"taxonomy":"product_tag","embeddable":true,"href":"https:\/\/dignita.ro\/ro\/wp-json\/wp\/v2\/product_tag?post=496"}],"curies":[{"name":"wp","href":"https:\/\/api.w.org\/{rel}","templated":true}]}}