{"id":4934,"date":"2024-09-18T12:51:23","date_gmt":"2024-09-18T12:51:23","guid":{"rendered":"https:\/\/dignita.ro\/?post_type=product&#038;p=4934"},"modified":"2025-03-25T12:52:38","modified_gmt":"2025-03-25T12:52:38","slug":"tamburina-albastra","status":"publish","type":"product","link":"https:\/\/dignita.ro\/ro\/produs\/tamburina-albastra\/","title":{"rendered":"Tamburin\u0103 albastr\u0103"},"content":{"rendered":"<p>Tamburina &#8211; accesoriu grozav pentru copii. Tamburina este grozav\u0103 pentru dans \u0219i c\u00e2ntec. Aceasta are 5 perechi de jingle-uri. Culoare: albastr\u0103<\/p>\n","protected":false},"excerpt":{"rendered":"<p>Tamburina &#8211; accesoriu grozav pentru copii. Tamburina este grozav\u0103 pentru dans \u0219i c\u00e2ntec. Aceasta are 5 perechi de jingle-uri. Culoare: albastr\u0103<\/p>\n","protected":false},"featured_media":6519,"comment_status":"open","ping_status":"closed","template":"","meta":{"_seopress_robots_primary_cat":"none","_seopress_titles_title":"","_seopress_titles_desc":"","_seopress_robots_index":""},"product_brand":[],"product_cat":[151],"product_tag":[],"class_list":{"0":"post-4934","1":"product","2":"type-product","3":"status-publish","4":"has-post-thumbnail","6":"product_cat-accesorii-diverse","7":"post-wrapper","8":"thrv_wrapper","10":"first","11":"instock","12":"shipping-taxable","13":"purchasable","14":"product-type-simple"},"_links":{"self":[{"href":"https:\/\/dignita.ro\/ro\/wp-json\/wp\/v2\/product\/4934","targetHints":{"allow":["GET"]}}],"collection":[{"href":"https:\/\/dignita.ro\/ro\/wp-json\/wp\/v2\/product"}],"about":[{"href":"https:\/\/dignita.ro\/ro\/wp-json\/wp\/v2\/types\/product"}],"replies":[{"embeddable":true,"href":"https:\/\/dignita.ro\/ro\/wp-json\/wp\/v2\/comments?post=4934"}],"wp:featuredmedia":[{"embeddable":true,"href":"https:\/\/dignita.ro\/ro\/wp-json\/wp\/v2\/media\/6519"}],"wp:attachment":[{"href":"https:\/\/dignita.ro\/ro\/wp-json\/wp\/v2\/media?parent=4934"}],"wp:term":[{"taxonomy":"product_brand","embeddable":true,"href":"https:\/\/dignita.ro\/ro\/wp-json\/wp\/v2\/product_brand?post=4934"},{"taxonomy":"product_cat","embeddable":true,"href":"https:\/\/dignita.ro\/ro\/wp-json\/wp\/v2\/product_cat?post=4934"},{"taxonomy":"product_tag","embeddable":true,"href":"https:\/\/dignita.ro\/ro\/wp-json\/wp\/v2\/product_tag?post=4934"}],"curies":[{"name":"wp","href":"https:\/\/api.w.org\/{rel}","templated":true}]}}