{"id":4901,"date":"2024-09-18T12:36:22","date_gmt":"2024-09-18T12:36:22","guid":{"rendered":"https:\/\/dignita.ro\/?post_type=product&#038;p=4901"},"modified":"2025-03-18T16:47:43","modified_gmt":"2025-03-18T16:47:43","slug":"cana-termos-wisdom-is-sweet-to-your-soul","status":"publish","type":"product","link":"https:\/\/dignita.ro\/ro\/produs\/cana-termos-wisdom-is-sweet-to-your-soul\/","title":{"rendered":"Can\u0103 termos &#8222;Wisdom is sweet to your soul&#8221;"},"content":{"rendered":"<p>Un termos pentru cafea personalizat \u00ee\u021bi ofer\u0103 avantajul de a te bucura mai mult timp de nelipsita b\u0103utur\u0103 de diminea\u021b\u0103: cafeaua. Termosul este frumos inscrip\u021bionat cu mesajul din Proverbe 24:14 &#8222;Wisdom is sweet to your soul&#8221;. De asemenea, este potrivit \u0219i pentru alte b\u0103uturi, precum ceai sau ciocolat\u0103 cald\u0103, \u00een func\u021bie de preferin\u021bele tale. Material: polimer. Capacitate: 260 ml<\/p>\n","protected":false},"excerpt":{"rendered":"<p>Un termos pentru cafea personalizat \u00ee\u021bi ofer\u0103 avantajul de a te bucura mai mult timp de nelipsita b\u0103utur\u0103 de diminea\u021b\u0103: cafeaua. Termosul este frumos inscrip\u021bionat cu mesajul din Proverbe 24:14 &#8222;Wisdom is sweet to your soul&#8221;. De asemenea, este potrivit \u0219i pentru alte b\u0103uturi, precum ceai sau ciocolat\u0103 cald\u0103, \u00een func\u021bie de preferin\u021bele tale. Material: polimer. Capacitate: 260 ml<\/p>\n","protected":false},"featured_media":6359,"comment_status":"open","ping_status":"closed","template":"","meta":{"_seopress_robots_primary_cat":"none","_seopress_titles_title":"","_seopress_titles_desc":"","_seopress_robots_index":""},"product_brand":[],"product_cat":[126],"product_tag":[],"class_list":{"0":"post-4901","1":"product","2":"type-product","3":"status-publish","4":"has-post-thumbnail","6":"product_cat-bucatarie-si-servire","7":"post-wrapper","8":"thrv_wrapper","10":"first","11":"instock","12":"shipping-taxable","13":"purchasable","14":"product-type-simple"},"_links":{"self":[{"href":"https:\/\/dignita.ro\/ro\/wp-json\/wp\/v2\/product\/4901","targetHints":{"allow":["GET"]}}],"collection":[{"href":"https:\/\/dignita.ro\/ro\/wp-json\/wp\/v2\/product"}],"about":[{"href":"https:\/\/dignita.ro\/ro\/wp-json\/wp\/v2\/types\/product"}],"replies":[{"embeddable":true,"href":"https:\/\/dignita.ro\/ro\/wp-json\/wp\/v2\/comments?post=4901"}],"wp:featuredmedia":[{"embeddable":true,"href":"https:\/\/dignita.ro\/ro\/wp-json\/wp\/v2\/media\/6359"}],"wp:attachment":[{"href":"https:\/\/dignita.ro\/ro\/wp-json\/wp\/v2\/media?parent=4901"}],"wp:term":[{"taxonomy":"product_brand","embeddable":true,"href":"https:\/\/dignita.ro\/ro\/wp-json\/wp\/v2\/product_brand?post=4901"},{"taxonomy":"product_cat","embeddable":true,"href":"https:\/\/dignita.ro\/ro\/wp-json\/wp\/v2\/product_cat?post=4901"},{"taxonomy":"product_tag","embeddable":true,"href":"https:\/\/dignita.ro\/ro\/wp-json\/wp\/v2\/product_tag?post=4901"}],"curies":[{"name":"wp","href":"https:\/\/api.w.org\/{rel}","templated":true}]}}