{"id":489,"date":"2024-07-30T08:09:58","date_gmt":"2024-07-30T08:09:58","guid":{"rendered":"https:\/\/dignita.ro\/?post_type=product&#038;p=489"},"modified":"2025-01-27T11:04:06","modified_gmt":"2025-01-27T11:04:06","slug":"cruce-dubla-din-rasina","status":"publish","type":"product","link":"https:\/\/dignita.ro\/ro\/produs\/cruce-dubla-din-rasina\/","title":{"rendered":"Cruce dubl\u0103 din r\u0103\u0219in\u0103"},"content":{"rendered":"<p>Crucea dubl\u0103 din r\u0103\u0219in\u0103 reprezint\u0103 un articol de decor inspira\u021bional. Este realizat\u0103 dintr-un material rezistent, de \u00eenalt\u0103 calitate \u0219i cu mult\u0103 aten\u021bie la detalii. Material: r\u0103\u0219in\u0103<\/p>\n","protected":false},"excerpt":{"rendered":"<p>Crucea dubl\u0103 din r\u0103\u0219in\u0103 reprezint\u0103 un articol de decor inspira\u021bional. Este realizat\u0103 dintr-un material rezistent, de \u00eenalt\u0103 calitate \u0219i cu mult\u0103 aten\u021bie la detalii. Material: r\u0103\u0219in\u0103<\/p>\n","protected":false},"featured_media":5836,"comment_status":"open","ping_status":"closed","template":"","meta":{"_seopress_robots_primary_cat":"none","_seopress_titles_title":"","_seopress_titles_desc":"","_seopress_robots_index":""},"product_brand":[],"product_cat":[99],"product_tag":[],"class_list":{"0":"post-489","1":"product","2":"type-product","3":"status-publish","4":"has-post-thumbnail","6":"product_cat-ornamente","7":"post-wrapper","8":"thrv_wrapper","10":"first","11":"instock","12":"shipping-taxable","13":"purchasable","14":"product-type-simple"},"_links":{"self":[{"href":"https:\/\/dignita.ro\/ro\/wp-json\/wp\/v2\/product\/489","targetHints":{"allow":["GET"]}}],"collection":[{"href":"https:\/\/dignita.ro\/ro\/wp-json\/wp\/v2\/product"}],"about":[{"href":"https:\/\/dignita.ro\/ro\/wp-json\/wp\/v2\/types\/product"}],"replies":[{"embeddable":true,"href":"https:\/\/dignita.ro\/ro\/wp-json\/wp\/v2\/comments?post=489"}],"wp:featuredmedia":[{"embeddable":true,"href":"https:\/\/dignita.ro\/ro\/wp-json\/wp\/v2\/media\/5836"}],"wp:attachment":[{"href":"https:\/\/dignita.ro\/ro\/wp-json\/wp\/v2\/media?parent=489"}],"wp:term":[{"taxonomy":"product_brand","embeddable":true,"href":"https:\/\/dignita.ro\/ro\/wp-json\/wp\/v2\/product_brand?post=489"},{"taxonomy":"product_cat","embeddable":true,"href":"https:\/\/dignita.ro\/ro\/wp-json\/wp\/v2\/product_cat?post=489"},{"taxonomy":"product_tag","embeddable":true,"href":"https:\/\/dignita.ro\/ro\/wp-json\/wp\/v2\/product_tag?post=489"}],"curies":[{"name":"wp","href":"https:\/\/api.w.org\/{rel}","templated":true}]}}