{"id":4885,"date":"2024-09-18T12:15:06","date_gmt":"2024-09-18T12:15:06","guid":{"rendered":"https:\/\/dignita.ro\/?post_type=product&#038;p=4885"},"modified":"2025-03-18T16:53:47","modified_gmt":"2025-03-18T16:53:47","slug":"set-cani-love-one-another","status":"publish","type":"product","link":"https:\/\/dignita.ro\/ro\/produs\/set-cani-love-one-another\/","title":{"rendered":"Set c\u0103ni &#8211; Love one another"},"content":{"rendered":"<p>Cana din ceramic\u0103 alb\u0103 cu aspect lucios, care are inscrip\u021bionat un mesaj interior din 1 Petru 1:22 &#8222;Love one another deeply, from the heart&#8221;. Este cadoul ideal pentru o persoan\u0103 special\u0103 din via\u021ba ta. Material: ceramic\u0103 Setul con\u021bine 2 c\u0103ni. Capacitate: 13 oz.<\/p>\n","protected":false},"excerpt":{"rendered":"<p>Cana din ceramic\u0103 alb\u0103 cu aspect lucios, care are inscrip\u021bionat un mesaj interior din 1 Petru 1:22 &#8222;Love one another deeply, from the heart&#8221;. Este cadoul ideal pentru o persoan\u0103 special\u0103 din via\u021ba ta. Material: ceramic\u0103 Setul con\u021bine 2 c\u0103ni. Capacitate: 13 oz.<\/p>\n","protected":false},"featured_media":4888,"comment_status":"open","ping_status":"closed","template":"","meta":{"_seopress_robots_primary_cat":"","_seopress_titles_title":"","_seopress_titles_desc":"","_seopress_robots_index":""},"product_brand":[],"product_cat":[126],"product_tag":[],"class_list":{"0":"post-4885","1":"product","2":"type-product","3":"status-publish","4":"has-post-thumbnail","6":"product_cat-bucatarie-si-servire","7":"post-wrapper","8":"thrv_wrapper","10":"first","11":"instock","12":"shipping-taxable","13":"purchasable","14":"product-type-simple"},"_links":{"self":[{"href":"https:\/\/dignita.ro\/ro\/wp-json\/wp\/v2\/product\/4885","targetHints":{"allow":["GET"]}}],"collection":[{"href":"https:\/\/dignita.ro\/ro\/wp-json\/wp\/v2\/product"}],"about":[{"href":"https:\/\/dignita.ro\/ro\/wp-json\/wp\/v2\/types\/product"}],"replies":[{"embeddable":true,"href":"https:\/\/dignita.ro\/ro\/wp-json\/wp\/v2\/comments?post=4885"}],"wp:featuredmedia":[{"embeddable":true,"href":"https:\/\/dignita.ro\/ro\/wp-json\/wp\/v2\/media\/4888"}],"wp:attachment":[{"href":"https:\/\/dignita.ro\/ro\/wp-json\/wp\/v2\/media?parent=4885"}],"wp:term":[{"taxonomy":"product_brand","embeddable":true,"href":"https:\/\/dignita.ro\/ro\/wp-json\/wp\/v2\/product_brand?post=4885"},{"taxonomy":"product_cat","embeddable":true,"href":"https:\/\/dignita.ro\/ro\/wp-json\/wp\/v2\/product_cat?post=4885"},{"taxonomy":"product_tag","embeddable":true,"href":"https:\/\/dignita.ro\/ro\/wp-json\/wp\/v2\/product_tag?post=4885"}],"curies":[{"name":"wp","href":"https:\/\/api.w.org\/{rel}","templated":true}]}}