{"id":486,"date":"2024-07-30T08:05:57","date_gmt":"2024-07-30T08:05:57","guid":{"rendered":"https:\/\/dignita.ro\/?post_type=product&#038;p=486"},"modified":"2025-01-27T11:02:44","modified_gmt":"2025-01-27T11:02:44","slug":"mini-cruce-din-rasina-si-piele-psalm-23","status":"publish","type":"product","link":"https:\/\/dignita.ro\/ro\/produs\/mini-cruce-din-rasina-si-piele-psalm-23\/","title":{"rendered":"Mini cruce din r\u0103\u0219in\u0103 \u0219i piele Psalm 23"},"content":{"rendered":"<p style=\"text-align: left;\">Aceast\u0103 cruce este o pies\u0103 unic\u0103 \u0219i special\u0103, ce eman\u0103 unicitate \u0219i originalitate. Realizat\u0103 din r\u0103\u0219in\u0103, iar pielea care \u00eembrac\u0103 partea din fa\u021b\u0103 a crucii adaug\u0103 o not\u0103 de elegan\u021b\u0103 acestui element decorativ. Pe cruce este inscrip\u021bionat Psalmul 23. Material: r\u0103\u0219in\u0103<\/p>\n","protected":false},"excerpt":{"rendered":"<p>Aceast\u0103 cruce este o pies\u0103 unic\u0103 \u0219i special\u0103, ce eman\u0103 unicitate \u0219i originalitate. Realizat\u0103 din r\u0103\u0219in\u0103, iar pielea care \u00eembrac\u0103 partea din fa\u021b\u0103 a crucii adaug\u0103 o not\u0103 de elegan\u021b\u0103 acestui element decorativ. Pe cruce este inscrip\u021bionat Psalmul 23. Material: r\u0103\u0219in\u0103<\/p>\n","protected":false},"featured_media":5832,"comment_status":"open","ping_status":"closed","template":"","meta":{"_seopress_robots_primary_cat":"none","_seopress_titles_title":"","_seopress_titles_desc":"","_seopress_robots_index":""},"product_brand":[],"product_cat":[99],"product_tag":[],"class_list":{"0":"post-486","1":"product","2":"type-product","3":"status-publish","4":"has-post-thumbnail","6":"product_cat-ornamente","7":"post-wrapper","8":"thrv_wrapper","10":"first","11":"instock","12":"shipping-taxable","13":"purchasable","14":"product-type-simple"},"_links":{"self":[{"href":"https:\/\/dignita.ro\/ro\/wp-json\/wp\/v2\/product\/486","targetHints":{"allow":["GET"]}}],"collection":[{"href":"https:\/\/dignita.ro\/ro\/wp-json\/wp\/v2\/product"}],"about":[{"href":"https:\/\/dignita.ro\/ro\/wp-json\/wp\/v2\/types\/product"}],"replies":[{"embeddable":true,"href":"https:\/\/dignita.ro\/ro\/wp-json\/wp\/v2\/comments?post=486"}],"wp:featuredmedia":[{"embeddable":true,"href":"https:\/\/dignita.ro\/ro\/wp-json\/wp\/v2\/media\/5832"}],"wp:attachment":[{"href":"https:\/\/dignita.ro\/ro\/wp-json\/wp\/v2\/media?parent=486"}],"wp:term":[{"taxonomy":"product_brand","embeddable":true,"href":"https:\/\/dignita.ro\/ro\/wp-json\/wp\/v2\/product_brand?post=486"},{"taxonomy":"product_cat","embeddable":true,"href":"https:\/\/dignita.ro\/ro\/wp-json\/wp\/v2\/product_cat?post=486"},{"taxonomy":"product_tag","embeddable":true,"href":"https:\/\/dignita.ro\/ro\/wp-json\/wp\/v2\/product_tag?post=486"}],"curies":[{"name":"wp","href":"https:\/\/api.w.org\/{rel}","templated":true}]}}