{"id":4844,"date":"2024-09-18T12:05:30","date_gmt":"2024-09-18T12:05:30","guid":{"rendered":"https:\/\/dignita.ro\/?post_type=product&#038;p=4844"},"modified":"2025-01-13T09:03:47","modified_gmt":"2025-01-13T09:03:47","slug":"set-lampi-solare-tip-borcan-faith-hope-and-love","status":"publish","type":"product","link":"https:\/\/dignita.ro\/ro\/produs\/set-lampi-solare-tip-borcan-faith-hope-and-love\/","title":{"rendered":"Set l\u0103mpi solare tip borcan &#8211; Faith, Hope and Love"},"content":{"rendered":"<p>L\u0103mpile solare decorative \u2013 accesorii elegante \u0219i func\u021bionale pentru orice spa\u021biu exterior. Designul lor include un recipient transparent, umplut par\u021bial cu nisip, \u00een care este a\u0219ezat\u0103 o lum\u00e2nare. Acestea creeaz\u0103 o atmosfer\u0103 cald\u0103 \u0219i primitoare. Sunt ideale pentru terase, gr\u0103dini sau evenimente \u00een aer liber.<\/p>\n","protected":false},"excerpt":{"rendered":"<p>L\u0103mpile solare decorative \u2013 accesorii elegante \u0219i func\u021bionale pentru orice spa\u021biu exterior. Designul lor include un recipient transparent, umplut par\u021bial cu nisip, \u00een care este a\u0219ezat\u0103 o lum\u00e2nare. Acestea creeaz\u0103 o atmosfer\u0103 cald\u0103 \u0219i primitoare. Sunt ideale pentru terase, gr\u0103dini sau evenimente \u00een aer liber.<\/p>\n","protected":false},"featured_media":4847,"comment_status":"open","ping_status":"closed","template":"","meta":{"_seopress_robots_primary_cat":"","_seopress_titles_title":"","_seopress_titles_desc":"","_seopress_robots_index":""},"product_brand":[],"product_cat":[99],"product_tag":[],"class_list":{"0":"post-4844","1":"product","2":"type-product","3":"status-publish","4":"has-post-thumbnail","6":"product_cat-ornamente","7":"post-wrapper","8":"thrv_wrapper","10":"first","11":"instock","12":"shipping-taxable","13":"purchasable","14":"product-type-simple"},"_links":{"self":[{"href":"https:\/\/dignita.ro\/ro\/wp-json\/wp\/v2\/product\/4844","targetHints":{"allow":["GET"]}}],"collection":[{"href":"https:\/\/dignita.ro\/ro\/wp-json\/wp\/v2\/product"}],"about":[{"href":"https:\/\/dignita.ro\/ro\/wp-json\/wp\/v2\/types\/product"}],"replies":[{"embeddable":true,"href":"https:\/\/dignita.ro\/ro\/wp-json\/wp\/v2\/comments?post=4844"}],"wp:featuredmedia":[{"embeddable":true,"href":"https:\/\/dignita.ro\/ro\/wp-json\/wp\/v2\/media\/4847"}],"wp:attachment":[{"href":"https:\/\/dignita.ro\/ro\/wp-json\/wp\/v2\/media?parent=4844"}],"wp:term":[{"taxonomy":"product_brand","embeddable":true,"href":"https:\/\/dignita.ro\/ro\/wp-json\/wp\/v2\/product_brand?post=4844"},{"taxonomy":"product_cat","embeddable":true,"href":"https:\/\/dignita.ro\/ro\/wp-json\/wp\/v2\/product_cat?post=4844"},{"taxonomy":"product_tag","embeddable":true,"href":"https:\/\/dignita.ro\/ro\/wp-json\/wp\/v2\/product_tag?post=4844"}],"curies":[{"name":"wp","href":"https:\/\/api.w.org\/{rel}","templated":true}]}}