{"id":4831,"date":"2024-09-18T12:00:41","date_gmt":"2024-09-18T12:00:41","guid":{"rendered":"https:\/\/dignita.ro\/?post_type=product&#038;p=4831"},"modified":"2025-03-17T18:21:50","modified_gmt":"2025-03-17T18:21:50","slug":"tablou-mdf-romans-58","status":"publish","type":"product","link":"https:\/\/dignita.ro\/ro\/produs\/tablou-mdf-romans-58\/","title":{"rendered":"Tablou MDF Romans 5:8"},"content":{"rendered":"<p>Un tablou care ne aduce aminte de planul uimitor de r\u0103scump\u0103rare a lui Dumnezeu pentru noi. Tabloul are imprimat urm\u0103torul mesaj pe acesta &#8222;Crown of thorns on His head cross of wood on his back, you on his mind. God demonstrates his own love for us in this: While we were still sinners, Christ died for us &#8211; Romans 5:8&#8221; Material: MDF<\/p>\n","protected":false},"excerpt":{"rendered":"<p>Un tablou care ne aduce aminte de planul uimitor de r\u0103scump\u0103rare a lui Dumnezeu pentru noi. Tabloul are imprimat urm\u0103torul mesaj pe acesta &#8222;Crown of thorns on His head cross of wood on his back, you on his mind. God demonstrates his own love for us in this: While we were still sinners, Christ died for us &#8211; Romans 5:8&#8221; Material: MDF<\/p>\n","protected":false},"featured_media":6256,"comment_status":"open","ping_status":"closed","template":"","meta":{"_seopress_robots_primary_cat":"none","_seopress_titles_title":"","_seopress_titles_desc":"","_seopress_robots_index":""},"product_brand":[],"product_cat":[99],"product_tag":[],"class_list":{"0":"post-4831","1":"product","2":"type-product","3":"status-publish","4":"has-post-thumbnail","6":"product_cat-ornamente","7":"post-wrapper","8":"thrv_wrapper","10":"first","11":"instock","12":"shipping-taxable","13":"purchasable","14":"product-type-simple"},"_links":{"self":[{"href":"https:\/\/dignita.ro\/ro\/wp-json\/wp\/v2\/product\/4831","targetHints":{"allow":["GET"]}}],"collection":[{"href":"https:\/\/dignita.ro\/ro\/wp-json\/wp\/v2\/product"}],"about":[{"href":"https:\/\/dignita.ro\/ro\/wp-json\/wp\/v2\/types\/product"}],"replies":[{"embeddable":true,"href":"https:\/\/dignita.ro\/ro\/wp-json\/wp\/v2\/comments?post=4831"}],"wp:featuredmedia":[{"embeddable":true,"href":"https:\/\/dignita.ro\/ro\/wp-json\/wp\/v2\/media\/6256"}],"wp:attachment":[{"href":"https:\/\/dignita.ro\/ro\/wp-json\/wp\/v2\/media?parent=4831"}],"wp:term":[{"taxonomy":"product_brand","embeddable":true,"href":"https:\/\/dignita.ro\/ro\/wp-json\/wp\/v2\/product_brand?post=4831"},{"taxonomy":"product_cat","embeddable":true,"href":"https:\/\/dignita.ro\/ro\/wp-json\/wp\/v2\/product_cat?post=4831"},{"taxonomy":"product_tag","embeddable":true,"href":"https:\/\/dignita.ro\/ro\/wp-json\/wp\/v2\/product_tag?post=4831"}],"curies":[{"name":"wp","href":"https:\/\/api.w.org\/{rel}","templated":true}]}}