{"id":483,"date":"2024-07-29T16:17:32","date_gmt":"2024-07-29T16:17:32","guid":{"rendered":"https:\/\/dignita.ro\/?post_type=product&#038;p=483"},"modified":"2025-02-09T13:22:49","modified_gmt":"2025-02-09T13:22:49","slug":"husa-biblie-roz-large-be-still-and-know-that-i-am-god","status":"publish","type":"product","link":"https:\/\/dignita.ro\/ro\/produs\/husa-biblie-roz-large-be-still-and-know-that-i-am-god\/","title":{"rendered":"Hus\u0103 Biblie Roz Large &#8222;Be still and know that I am God&#8221;"},"content":{"rendered":"<p>Husa pentru Biblie Mare este realizat\u0103 din material textil rezistent cu imprimeu \u0219i mesaj biblic. Este prev\u0103zut\u0103 cu fermoar, m\u00e2ner \u0219i suport pentru instrumente de scris pe coperta interioar\u0103, spate. Pe coperta din fa\u021b\u0103 are prev\u0103zut un buzunar exterior. Husa include 3 etichete cu 2 mesaje pe ambele fe\u021be pentru 6 op\u021biuni privind mesajul \u00eencurajator. Culoare roz.<\/p>\n","protected":false},"excerpt":{"rendered":"<p>Husa pentru Biblie Mare este realizat\u0103 din material rezistent cu imprimeu \u0219i mesaj biblic, are fermoar, m\u00e2ner \u0219i suport pentru instrumente de scris. Pe coperta din fa\u021b\u0103 are un buzunar exterior. Culoare roz.<\/p>\n","protected":false},"featured_media":5743,"comment_status":"open","ping_status":"closed","template":"","meta":{"_seopress_robots_primary_cat":"none","_seopress_titles_title":"","_seopress_titles_desc":"","_seopress_robots_index":""},"product_brand":[],"product_cat":[86],"product_tag":[],"class_list":{"0":"post-483","1":"product","2":"type-product","3":"status-publish","4":"has-post-thumbnail","6":"product_cat-huse-biblii","7":"post-wrapper","8":"thrv_wrapper","10":"first","11":"instock","12":"shipping-taxable","13":"purchasable","14":"product-type-simple"},"_links":{"self":[{"href":"https:\/\/dignita.ro\/ro\/wp-json\/wp\/v2\/product\/483","targetHints":{"allow":["GET"]}}],"collection":[{"href":"https:\/\/dignita.ro\/ro\/wp-json\/wp\/v2\/product"}],"about":[{"href":"https:\/\/dignita.ro\/ro\/wp-json\/wp\/v2\/types\/product"}],"replies":[{"embeddable":true,"href":"https:\/\/dignita.ro\/ro\/wp-json\/wp\/v2\/comments?post=483"}],"wp:featuredmedia":[{"embeddable":true,"href":"https:\/\/dignita.ro\/ro\/wp-json\/wp\/v2\/media\/5743"}],"wp:attachment":[{"href":"https:\/\/dignita.ro\/ro\/wp-json\/wp\/v2\/media?parent=483"}],"wp:term":[{"taxonomy":"product_brand","embeddable":true,"href":"https:\/\/dignita.ro\/ro\/wp-json\/wp\/v2\/product_brand?post=483"},{"taxonomy":"product_cat","embeddable":true,"href":"https:\/\/dignita.ro\/ro\/wp-json\/wp\/v2\/product_cat?post=483"},{"taxonomy":"product_tag","embeddable":true,"href":"https:\/\/dignita.ro\/ro\/wp-json\/wp\/v2\/product_tag?post=483"}],"curies":[{"name":"wp","href":"https:\/\/api.w.org\/{rel}","templated":true}]}}