{"id":4781,"date":"2024-09-17T13:19:30","date_gmt":"2024-09-17T13:19:30","guid":{"rendered":"https:\/\/dignita.ro\/?post_type=product&#038;p=4781"},"modified":"2025-03-17T17:46:39","modified_gmt":"2025-03-17T17:46:39","slug":"decoratiune-din-sticla-the-way-the-truth-and-the-life","status":"publish","type":"product","link":"https:\/\/dignita.ro\/ro\/produs\/decoratiune-din-sticla-the-way-the-truth-and-the-life\/","title":{"rendered":"Decora\u021biune din sticl\u0103 The way, the truth, and the life"},"content":{"rendered":"<p>Aceast\u0103 pies\u0103 de decor unic\u0103 reprezint\u0103 un element decorativ care v\u0103 va \u00eenc\u00e2nta prin frumuse\u021bea \u0219i simplitatea sa. Reprezint\u0103 un cadou care va rezista ani de zile. Mesajul scriptural din Ioan 14:6 este imprimat pe sticla transparent\u0103 de 1,3 cm grosime. Materialul se distinge prin calitatea excelent\u0103 a suprafe\u021bei \u0219i rigiditatea sa, este rezistent\u0103 la deterior\u0103ri.<\/p>\n","protected":false},"excerpt":{"rendered":"<p>Aceast\u0103 pies\u0103 de decor unic\u0103 reprezint\u0103 un element decorativ care v\u0103 va \u00eenc\u00e2nta prin frumuse\u021bea \u0219i simplitatea sa. Mesajul scriptural din Ioan 14:6 este imprimat pe sticla transparent\u0103 de 1,3 cm grosime. Materialul se distinge prin calitatea excelent\u0103 a suprafe\u021bei \u0219i rigiditatea sa, este rezistent\u0103 la deterior\u0103ri.<\/p>\n","protected":false},"featured_media":6234,"comment_status":"open","ping_status":"closed","template":"","meta":{"_seopress_robots_primary_cat":"none","_seopress_titles_title":"","_seopress_titles_desc":"","_seopress_robots_index":""},"product_brand":[],"product_cat":[99],"product_tag":[],"class_list":{"0":"post-4781","1":"product","2":"type-product","3":"status-publish","4":"has-post-thumbnail","6":"product_cat-ornamente","7":"post-wrapper","8":"thrv_wrapper","10":"first","11":"instock","12":"shipping-taxable","13":"purchasable","14":"product-type-simple"},"_links":{"self":[{"href":"https:\/\/dignita.ro\/ro\/wp-json\/wp\/v2\/product\/4781","targetHints":{"allow":["GET"]}}],"collection":[{"href":"https:\/\/dignita.ro\/ro\/wp-json\/wp\/v2\/product"}],"about":[{"href":"https:\/\/dignita.ro\/ro\/wp-json\/wp\/v2\/types\/product"}],"replies":[{"embeddable":true,"href":"https:\/\/dignita.ro\/ro\/wp-json\/wp\/v2\/comments?post=4781"}],"wp:featuredmedia":[{"embeddable":true,"href":"https:\/\/dignita.ro\/ro\/wp-json\/wp\/v2\/media\/6234"}],"wp:attachment":[{"href":"https:\/\/dignita.ro\/ro\/wp-json\/wp\/v2\/media?parent=4781"}],"wp:term":[{"taxonomy":"product_brand","embeddable":true,"href":"https:\/\/dignita.ro\/ro\/wp-json\/wp\/v2\/product_brand?post=4781"},{"taxonomy":"product_cat","embeddable":true,"href":"https:\/\/dignita.ro\/ro\/wp-json\/wp\/v2\/product_cat?post=4781"},{"taxonomy":"product_tag","embeddable":true,"href":"https:\/\/dignita.ro\/ro\/wp-json\/wp\/v2\/product_tag?post=4781"}],"curies":[{"name":"wp","href":"https:\/\/api.w.org\/{rel}","templated":true}]}}