{"id":476,"date":"2024-07-29T16:15:10","date_gmt":"2024-07-29T16:15:10","guid":{"rendered":"https:\/\/dignita.ro\/?post_type=product&#038;p=476"},"modified":"2025-02-09T13:21:41","modified_gmt":"2025-02-09T13:21:41","slug":"husa-biblie-large-jeremiah-2911","status":"publish","type":"product","link":"https:\/\/dignita.ro\/ro\/produs\/husa-biblie-large-jeremiah-2911\/","title":{"rendered":"Hus\u0103 Biblie Large Jeremiah 29:11"},"content":{"rendered":"<p>Husa pentru Biblie Mare este realizat\u0103 din material textil rezistent cu trimitere biblic\u0103. Este prev\u0103zut\u0103 cu fermoar personalizat, m\u00e2ner \u0219i cu un buzunar exterior de depozitare. Ofer\u0103 o \u021bes\u0103tur\u0103 dens\u0103 \u0219i cus\u0103turi \u00eent\u0103rite. Text: Jeremiah 29:11 Culoare: gri cu accente de alb \u0219i ro\u0219u.<\/p>\n","protected":false},"excerpt":{"rendered":"<p>Husa pentru Biblie Mare este realizat\u0103 din material rezistent cu trimitere biblic\u0103 c\u0103tre Jeremiah 29:11, are fermoar, m\u00e2ner \u0219i un buzunar exterior de depozitare. Culoare: gri cu accente de alb \u0219i ro\u0219u.<\/p>\n","protected":false},"featured_media":5735,"comment_status":"open","ping_status":"closed","template":"","meta":{"_seopress_robots_primary_cat":"none","_seopress_titles_title":"","_seopress_titles_desc":"","_seopress_robots_index":""},"product_brand":[],"product_cat":[86],"product_tag":[],"class_list":{"0":"post-476","1":"product","2":"type-product","3":"status-publish","4":"has-post-thumbnail","6":"product_cat-huse-biblii","7":"post-wrapper","8":"thrv_wrapper","10":"first","11":"instock","12":"shipping-taxable","13":"purchasable","14":"product-type-simple"},"_links":{"self":[{"href":"https:\/\/dignita.ro\/ro\/wp-json\/wp\/v2\/product\/476","targetHints":{"allow":["GET"]}}],"collection":[{"href":"https:\/\/dignita.ro\/ro\/wp-json\/wp\/v2\/product"}],"about":[{"href":"https:\/\/dignita.ro\/ro\/wp-json\/wp\/v2\/types\/product"}],"replies":[{"embeddable":true,"href":"https:\/\/dignita.ro\/ro\/wp-json\/wp\/v2\/comments?post=476"}],"wp:featuredmedia":[{"embeddable":true,"href":"https:\/\/dignita.ro\/ro\/wp-json\/wp\/v2\/media\/5735"}],"wp:attachment":[{"href":"https:\/\/dignita.ro\/ro\/wp-json\/wp\/v2\/media?parent=476"}],"wp:term":[{"taxonomy":"product_brand","embeddable":true,"href":"https:\/\/dignita.ro\/ro\/wp-json\/wp\/v2\/product_brand?post=476"},{"taxonomy":"product_cat","embeddable":true,"href":"https:\/\/dignita.ro\/ro\/wp-json\/wp\/v2\/product_cat?post=476"},{"taxonomy":"product_tag","embeddable":true,"href":"https:\/\/dignita.ro\/ro\/wp-json\/wp\/v2\/product_tag?post=476"}],"curies":[{"name":"wp","href":"https:\/\/api.w.org\/{rel}","templated":true}]}}