{"id":4757,"date":"2024-09-17T13:08:46","date_gmt":"2024-09-17T13:08:46","guid":{"rendered":"https:\/\/dignita.ro\/?post_type=product&#038;p=4757"},"modified":"2025-03-17T17:29:26","modified_gmt":"2025-03-17T17:29:26","slug":"decoratiune-din-sticla-psalm-23","status":"publish","type":"product","link":"https:\/\/dignita.ro\/ro\/produs\/decoratiune-din-sticla-psalm-23\/","title":{"rendered":"Decora\u021biune din sticl\u0103 Psalm 23"},"content":{"rendered":"<p>Aceast\u0103 pies\u0103 de decor unic\u0103 reprezint\u0103 un element decorativ care v\u0103 va \u00eenc\u00e2nta prin frumuse\u021bea \u0219i simplitatea sa. Reprezint\u0103 un cadou care va rezista ani de zile. Mesajul Psalmului 23 este imprimat pe sticl\u0103 acrilic\u0103 transparent\u0103 de 2 cm grosime. Materialul se distinge prin calitatea excelent\u0103 a suprafe\u021bei \u0219i rigiditatea sa, este rezistent\u0103 la deterior\u0103ri.<\/p>\n","protected":false},"excerpt":{"rendered":"<p>Aceast\u0103 pies\u0103 de decor unic\u0103 reprezint\u0103 un element decorativ care v\u0103 va \u00eenc\u00e2nta prin frumuse\u021bea \u0219i simplitatea sa. Mesajul Psalmului 23 este imprimat pe sticl\u0103 acrilic\u0103 transparent\u0103 de 2 cm grosime. Materialul se distinge prin calitatea excelent\u0103 a suprafe\u021bei \u0219i rigiditatea sa, este rezistent\u0103 la deterior\u0103ri.<\/p>\n","protected":false},"featured_media":6222,"comment_status":"open","ping_status":"closed","template":"","meta":{"_seopress_robots_primary_cat":"none","_seopress_titles_title":"","_seopress_titles_desc":"","_seopress_robots_index":""},"product_brand":[],"product_cat":[99],"product_tag":[],"class_list":{"0":"post-4757","1":"product","2":"type-product","3":"status-publish","4":"has-post-thumbnail","6":"product_cat-ornamente","7":"post-wrapper","8":"thrv_wrapper","10":"first","11":"instock","12":"shipping-taxable","13":"purchasable","14":"product-type-simple"},"_links":{"self":[{"href":"https:\/\/dignita.ro\/ro\/wp-json\/wp\/v2\/product\/4757","targetHints":{"allow":["GET"]}}],"collection":[{"href":"https:\/\/dignita.ro\/ro\/wp-json\/wp\/v2\/product"}],"about":[{"href":"https:\/\/dignita.ro\/ro\/wp-json\/wp\/v2\/types\/product"}],"replies":[{"embeddable":true,"href":"https:\/\/dignita.ro\/ro\/wp-json\/wp\/v2\/comments?post=4757"}],"wp:featuredmedia":[{"embeddable":true,"href":"https:\/\/dignita.ro\/ro\/wp-json\/wp\/v2\/media\/6222"}],"wp:attachment":[{"href":"https:\/\/dignita.ro\/ro\/wp-json\/wp\/v2\/media?parent=4757"}],"wp:term":[{"taxonomy":"product_brand","embeddable":true,"href":"https:\/\/dignita.ro\/ro\/wp-json\/wp\/v2\/product_brand?post=4757"},{"taxonomy":"product_cat","embeddable":true,"href":"https:\/\/dignita.ro\/ro\/wp-json\/wp\/v2\/product_cat?post=4757"},{"taxonomy":"product_tag","embeddable":true,"href":"https:\/\/dignita.ro\/ro\/wp-json\/wp\/v2\/product_tag?post=4757"}],"curies":[{"name":"wp","href":"https:\/\/api.w.org\/{rel}","templated":true}]}}