{"id":4748,"date":"2024-09-17T13:04:44","date_gmt":"2024-09-17T13:04:44","guid":{"rendered":"https:\/\/dignita.ro\/?post_type=product&#038;p=4748"},"modified":"2025-03-17T17:22:47","modified_gmt":"2025-03-17T17:22:47","slug":"cruce-decorativa-hope-gives-you-courage","status":"publish","type":"product","link":"https:\/\/dignita.ro\/ro\/produs\/cruce-decorativa-hope-gives-you-courage\/","title":{"rendered":"Cruce decorativ\u0103 Hope gives you courage"},"content":{"rendered":"<p>Aceast\u0103 pies\u0103 de decor unic\u0103 va ad\u0103uga o not\u0103 de veselie \u0219i frumuse\u021be casei tale. Material: lemn<\/p>\n","protected":false},"excerpt":{"rendered":"<p>Aceast\u0103 pies\u0103 de decor unic\u0103 va ad\u0103uga o not\u0103 de veselie \u0219i frumuse\u021be casei tale. Material: lemn<\/p>\n","protected":false},"featured_media":6220,"comment_status":"open","ping_status":"closed","template":"","meta":{"_seopress_robots_primary_cat":"none","_seopress_titles_title":"","_seopress_titles_desc":"","_seopress_robots_index":""},"product_brand":[],"product_cat":[99],"product_tag":[],"class_list":{"0":"post-4748","1":"product","2":"type-product","3":"status-publish","4":"has-post-thumbnail","6":"product_cat-ornamente","7":"post-wrapper","8":"thrv_wrapper","10":"first","11":"instock","12":"shipping-taxable","13":"purchasable","14":"product-type-simple"},"_links":{"self":[{"href":"https:\/\/dignita.ro\/ro\/wp-json\/wp\/v2\/product\/4748","targetHints":{"allow":["GET"]}}],"collection":[{"href":"https:\/\/dignita.ro\/ro\/wp-json\/wp\/v2\/product"}],"about":[{"href":"https:\/\/dignita.ro\/ro\/wp-json\/wp\/v2\/types\/product"}],"replies":[{"embeddable":true,"href":"https:\/\/dignita.ro\/ro\/wp-json\/wp\/v2\/comments?post=4748"}],"wp:featuredmedia":[{"embeddable":true,"href":"https:\/\/dignita.ro\/ro\/wp-json\/wp\/v2\/media\/6220"}],"wp:attachment":[{"href":"https:\/\/dignita.ro\/ro\/wp-json\/wp\/v2\/media?parent=4748"}],"wp:term":[{"taxonomy":"product_brand","embeddable":true,"href":"https:\/\/dignita.ro\/ro\/wp-json\/wp\/v2\/product_brand?post=4748"},{"taxonomy":"product_cat","embeddable":true,"href":"https:\/\/dignita.ro\/ro\/wp-json\/wp\/v2\/product_cat?post=4748"},{"taxonomy":"product_tag","embeddable":true,"href":"https:\/\/dignita.ro\/ro\/wp-json\/wp\/v2\/product_tag?post=4748"}],"curies":[{"name":"wp","href":"https:\/\/api.w.org\/{rel}","templated":true}]}}