{"id":473,"date":"2024-07-29T16:13:47","date_gmt":"2024-07-29T16:13:47","guid":{"rendered":"https:\/\/dignita.ro\/?post_type=product&#038;p=473"},"modified":"2025-01-27T10:56:05","modified_gmt":"2025-01-27T10:56:05","slug":"mini-cruce-din-rasina-he-lives-john-1125","status":"publish","type":"product","link":"https:\/\/dignita.ro\/ro\/produs\/mini-cruce-din-rasina-he-lives-john-1125\/","title":{"rendered":"Mini cruce din r\u0103\u0219in\u0103 He lives &#8211; John 11:25"},"content":{"rendered":"<p>Crucea din r\u0103\u0219in\u0103 reprezint\u0103 un cadou elegant \u0219i poate constitui \u0219i un obiect minunat de decora\u021biune interioar\u0103, fie acas\u0103, fie la birou. Crucea are gravat versetul biblic din John 11:25. Material: r\u0103\u0219in\u0103<\/p>\n","protected":false},"excerpt":{"rendered":"<p>Crucea din r\u0103\u0219in\u0103 reprezint\u0103 un cadou elegant \u0219i poate constitui \u0219i un obiect minunat de decora\u021biune interioar\u0103, fie acas\u0103, fie la birou. Crucea are gravat versetul biblic din John 11:25. Material: r\u0103\u0219in\u0103<\/p>\n","protected":false},"featured_media":5828,"comment_status":"open","ping_status":"closed","template":"","meta":{"_seopress_robots_primary_cat":"none","_seopress_titles_title":"","_seopress_titles_desc":"","_seopress_robots_index":""},"product_brand":[],"product_cat":[99],"product_tag":[],"class_list":{"0":"post-473","1":"product","2":"type-product","3":"status-publish","4":"has-post-thumbnail","6":"product_cat-ornamente","7":"post-wrapper","8":"thrv_wrapper","10":"first","11":"instock","12":"shipping-taxable","13":"purchasable","14":"product-type-simple"},"_links":{"self":[{"href":"https:\/\/dignita.ro\/ro\/wp-json\/wp\/v2\/product\/473","targetHints":{"allow":["GET"]}}],"collection":[{"href":"https:\/\/dignita.ro\/ro\/wp-json\/wp\/v2\/product"}],"about":[{"href":"https:\/\/dignita.ro\/ro\/wp-json\/wp\/v2\/types\/product"}],"replies":[{"embeddable":true,"href":"https:\/\/dignita.ro\/ro\/wp-json\/wp\/v2\/comments?post=473"}],"wp:featuredmedia":[{"embeddable":true,"href":"https:\/\/dignita.ro\/ro\/wp-json\/wp\/v2\/media\/5828"}],"wp:attachment":[{"href":"https:\/\/dignita.ro\/ro\/wp-json\/wp\/v2\/media?parent=473"}],"wp:term":[{"taxonomy":"product_brand","embeddable":true,"href":"https:\/\/dignita.ro\/ro\/wp-json\/wp\/v2\/product_brand?post=473"},{"taxonomy":"product_cat","embeddable":true,"href":"https:\/\/dignita.ro\/ro\/wp-json\/wp\/v2\/product_cat?post=473"},{"taxonomy":"product_tag","embeddable":true,"href":"https:\/\/dignita.ro\/ro\/wp-json\/wp\/v2\/product_tag?post=473"}],"curies":[{"name":"wp","href":"https:\/\/api.w.org\/{rel}","templated":true}]}}