{"id":4692,"date":"2024-09-17T12:41:35","date_gmt":"2024-09-17T12:41:35","guid":{"rendered":"https:\/\/dignita.ro\/?post_type=product&#038;p=4692"},"modified":"2025-05-14T15:53:36","modified_gmt":"2025-05-14T15:53:36","slug":"sculptura-called-to-pray-young-boy","status":"publish","type":"product","link":"https:\/\/dignita.ro\/ro\/produs\/sculptura-called-to-pray-young-boy\/","title":{"rendered":"Sculptur\u0103 Called to pray young boy"},"content":{"rendered":"<p>Rug\u0103ciunea reprezint\u0103 comunicarea dintre om \u0219i Dumnezeu, proces prin care omul \u00eei spune, \u00eei mul\u021bume\u0219te lui Dumnezeu \u0219i \u00cel roag\u0103 anumite lucruri. Prin rug\u0103ciune \u00eei putem mul\u021bumi lui Dumnezeu, ne putem exprima dragostea pentru El \u0219i, efectiv, \u00eei povestim ce se petrece \u00een vie\u021bile noastre. Sculptura &#8222;Called to pray young boy&#8221; reprezint\u0103 un element de decor care va ad\u0103uga o not\u0103 de frumuse\u021be spa\u021biului \u00een care locui\u021bi. Sculptura are un mesaj imprimat \u00een limba englez\u0103 &#8222;Be near me, Jesus I asked thee to stay close by me forever love me, I pray. Material: r\u0103\u0219in\u0103 cu aspect de bronz<\/p>\n","protected":false},"excerpt":{"rendered":"<p>Sculptura &#8222;Called to pray young boy&#8221; reprezint\u0103 un element de decor care va ad\u0103uga o not\u0103 de frumuse\u021be spa\u021biului \u00een care locui\u021bi. Sculptura are un mesaj imprimat \u00een limba englez\u0103 &#8222;Be near me, Jesus I asked thee to stay close by me forever love me, I pray. Material: r\u0103\u0219in\u0103 cu aspect de bronz<\/p>\n","protected":false},"featured_media":6199,"comment_status":"open","ping_status":"closed","template":"","meta":{"_seopress_robots_primary_cat":"none","_seopress_titles_title":"","_seopress_titles_desc":"","_seopress_robots_index":""},"product_brand":[],"product_cat":[99],"product_tag":[],"class_list":{"0":"post-4692","1":"product","2":"type-product","3":"status-publish","4":"has-post-thumbnail","6":"product_cat-ornamente","7":"post-wrapper","8":"thrv_wrapper","10":"first","11":"instock","12":"shipping-taxable","13":"purchasable","14":"product-type-simple"},"_links":{"self":[{"href":"https:\/\/dignita.ro\/ro\/wp-json\/wp\/v2\/product\/4692","targetHints":{"allow":["GET"]}}],"collection":[{"href":"https:\/\/dignita.ro\/ro\/wp-json\/wp\/v2\/product"}],"about":[{"href":"https:\/\/dignita.ro\/ro\/wp-json\/wp\/v2\/types\/product"}],"replies":[{"embeddable":true,"href":"https:\/\/dignita.ro\/ro\/wp-json\/wp\/v2\/comments?post=4692"}],"wp:featuredmedia":[{"embeddable":true,"href":"https:\/\/dignita.ro\/ro\/wp-json\/wp\/v2\/media\/6199"}],"wp:attachment":[{"href":"https:\/\/dignita.ro\/ro\/wp-json\/wp\/v2\/media?parent=4692"}],"wp:term":[{"taxonomy":"product_brand","embeddable":true,"href":"https:\/\/dignita.ro\/ro\/wp-json\/wp\/v2\/product_brand?post=4692"},{"taxonomy":"product_cat","embeddable":true,"href":"https:\/\/dignita.ro\/ro\/wp-json\/wp\/v2\/product_cat?post=4692"},{"taxonomy":"product_tag","embeddable":true,"href":"https:\/\/dignita.ro\/ro\/wp-json\/wp\/v2\/product_tag?post=4692"}],"curies":[{"name":"wp","href":"https:\/\/api.w.org\/{rel}","templated":true}]}}