{"id":467,"date":"2024-07-29T16:09:48","date_gmt":"2024-07-29T16:09:48","guid":{"rendered":"https:\/\/dignita.ro\/?post_type=product&#038;p=467"},"modified":"2025-02-09T13:35:46","modified_gmt":"2025-02-09T13:35:46","slug":"geanta-betsy","status":"publish","type":"product","link":"https:\/\/dignita.ro\/ro\/produs\/geanta-betsy\/","title":{"rendered":"Geant\u0103 Betsy"},"content":{"rendered":"<p>Aceast\u0103 geant\u0103 este perfect\u0103 pentru femeile pasionate de mod\u0103 care doresc s\u0103 adauge o not\u0103 de elegan\u021b\u0103 \u021binutei lor. Geanta este realizat\u0103 din bumbac 100% \u0219i are un aspect matlasat. \u00cen interior, are brodat Psalmul 118:24. Material: bumbac Pattern: Floral<\/p>\n","protected":false},"excerpt":{"rendered":"<p>Aceast\u0103 geant\u0103 este perfect\u0103 pentru femeile pasionate de mod\u0103 care doresc s\u0103 adauge o not\u0103 de elegan\u021b\u0103 \u021binutei lor. Geanta este realizat\u0103 din bumbac 100% \u0219i are un aspect matlasat. \u00cen interior, are brodat Psalmul 118:24.<\/p>\n<p>Material: bumbac<\/p>\n<p>Pattern: Floral<\/p>\n","protected":false},"featured_media":5818,"comment_status":"open","ping_status":"closed","template":"","meta":{"_seopress_robots_primary_cat":"none","_seopress_titles_title":"","_seopress_titles_desc":"","_seopress_robots_index":""},"product_brand":[],"product_cat":[97],"product_tag":[],"class_list":{"0":"post-467","1":"product","2":"type-product","3":"status-publish","4":"has-post-thumbnail","6":"product_cat-genti","7":"post-wrapper","8":"thrv_wrapper","10":"first","11":"instock","12":"shipping-taxable","13":"purchasable","14":"product-type-simple"},"_links":{"self":[{"href":"https:\/\/dignita.ro\/ro\/wp-json\/wp\/v2\/product\/467","targetHints":{"allow":["GET"]}}],"collection":[{"href":"https:\/\/dignita.ro\/ro\/wp-json\/wp\/v2\/product"}],"about":[{"href":"https:\/\/dignita.ro\/ro\/wp-json\/wp\/v2\/types\/product"}],"replies":[{"embeddable":true,"href":"https:\/\/dignita.ro\/ro\/wp-json\/wp\/v2\/comments?post=467"}],"wp:featuredmedia":[{"embeddable":true,"href":"https:\/\/dignita.ro\/ro\/wp-json\/wp\/v2\/media\/5818"}],"wp:attachment":[{"href":"https:\/\/dignita.ro\/ro\/wp-json\/wp\/v2\/media?parent=467"}],"wp:term":[{"taxonomy":"product_brand","embeddable":true,"href":"https:\/\/dignita.ro\/ro\/wp-json\/wp\/v2\/product_brand?post=467"},{"taxonomy":"product_cat","embeddable":true,"href":"https:\/\/dignita.ro\/ro\/wp-json\/wp\/v2\/product_cat?post=467"},{"taxonomy":"product_tag","embeddable":true,"href":"https:\/\/dignita.ro\/ro\/wp-json\/wp\/v2\/product_tag?post=467"}],"curies":[{"name":"wp","href":"https:\/\/api.w.org\/{rel}","templated":true}]}}