{"id":4665,"date":"2024-09-17T12:35:09","date_gmt":"2024-09-17T12:35:09","guid":{"rendered":"https:\/\/dignita.ro\/?post_type=product&#038;p=4665"},"modified":"2025-03-06T10:52:24","modified_gmt":"2025-03-06T10:52:24","slug":"cruce-tripla-din-rasina","status":"publish","type":"product","link":"https:\/\/dignita.ro\/ro\/produs\/cruce-tripla-din-rasina\/","title":{"rendered":"Cruce tripl\u0103 din r\u0103\u0219in\u0103"},"content":{"rendered":"<p>Crucea tripl\u0103 din r\u0103\u0219in\u0103 reprezint\u0103 un articol de decor inspira\u021bional. Este realizat\u0103 dintr-un material rezistent, de \u00eenalt\u0103 calitate \u0219i cu mult\u0103 aten\u021bie la detalii. Material: r\u0103\u0219in\u0103<\/p>\n","protected":false},"excerpt":{"rendered":"<p>Crucea tripl\u0103 din r\u0103\u0219in\u0103 reprezint\u0103 un articol de decor inspira\u021bional. Este realizat\u0103 dintr-un material rezistent, de \u00eenalt\u0103 calitate \u0219i cu mult\u0103 aten\u021bie la detalii. Material: r\u0103\u0219in\u0103<\/p>\n","protected":false},"featured_media":6185,"comment_status":"open","ping_status":"closed","template":"","meta":{"_seopress_robots_primary_cat":"none","_seopress_titles_title":"","_seopress_titles_desc":"","_seopress_robots_index":""},"product_brand":[],"product_cat":[99],"product_tag":[],"class_list":{"0":"post-4665","1":"product","2":"type-product","3":"status-publish","4":"has-post-thumbnail","6":"product_cat-ornamente","7":"post-wrapper","8":"thrv_wrapper","10":"first","11":"instock","12":"shipping-taxable","13":"purchasable","14":"product-type-simple"},"_links":{"self":[{"href":"https:\/\/dignita.ro\/ro\/wp-json\/wp\/v2\/product\/4665","targetHints":{"allow":["GET"]}}],"collection":[{"href":"https:\/\/dignita.ro\/ro\/wp-json\/wp\/v2\/product"}],"about":[{"href":"https:\/\/dignita.ro\/ro\/wp-json\/wp\/v2\/types\/product"}],"replies":[{"embeddable":true,"href":"https:\/\/dignita.ro\/ro\/wp-json\/wp\/v2\/comments?post=4665"}],"wp:featuredmedia":[{"embeddable":true,"href":"https:\/\/dignita.ro\/ro\/wp-json\/wp\/v2\/media\/6185"}],"wp:attachment":[{"href":"https:\/\/dignita.ro\/ro\/wp-json\/wp\/v2\/media?parent=4665"}],"wp:term":[{"taxonomy":"product_brand","embeddable":true,"href":"https:\/\/dignita.ro\/ro\/wp-json\/wp\/v2\/product_brand?post=4665"},{"taxonomy":"product_cat","embeddable":true,"href":"https:\/\/dignita.ro\/ro\/wp-json\/wp\/v2\/product_cat?post=4665"},{"taxonomy":"product_tag","embeddable":true,"href":"https:\/\/dignita.ro\/ro\/wp-json\/wp\/v2\/product_tag?post=4665"}],"curies":[{"name":"wp","href":"https:\/\/api.w.org\/{rel}","templated":true}]}}