{"id":4645,"date":"2024-09-17T12:27:18","date_gmt":"2024-09-17T12:27:18","guid":{"rendered":"https:\/\/dignita.ro\/?post_type=product&#038;p=4645"},"modified":"2025-03-05T18:05:05","modified_gmt":"2025-03-05T18:05:05","slug":"cruce-de-perete-din-rasina-jesus","status":"publish","type":"product","link":"https:\/\/dignita.ro\/ro\/produs\/cruce-de-perete-din-rasina-jesus\/","title":{"rendered":"Cruce de perete din r\u0103\u0219in\u0103 Jesus"},"content":{"rendered":"<p>Crucea din r\u0103\u0219in\u0103 Jesus reprezint\u0103 un cadou elegant \u0219i \u00eentrune\u0219te func\u021biile unui element de decor, acas\u0103 sau la birou. Av\u00e2nd o culoare natural\u0103, poate fi integrat\u0103 cu succes aproape \u00een orice stil de amenajare. Produsul este realizat din r\u0103\u0219in\u0103 ce imit\u0103 foarte bine piatra. Material: r\u0103\u0219in\u0103<\/p>\n","protected":false},"excerpt":{"rendered":"<p>Crucea din r\u0103\u0219in\u0103 Jesus reprezint\u0103 un cadou elegant \u0219i \u00eentrune\u0219te func\u021biile unui element de decor, acas\u0103 sau la birou. Produsul este realizat din r\u0103\u0219in\u0103 ce imit\u0103 foarte bine piatra. Material: r\u0103\u0219in\u0103<\/p>\n","protected":false},"featured_media":6171,"comment_status":"open","ping_status":"closed","template":"","meta":{"_seopress_robots_primary_cat":"none","_seopress_titles_title":"","_seopress_titles_desc":"","_seopress_robots_index":""},"product_brand":[],"product_cat":[99],"product_tag":[],"class_list":{"0":"post-4645","1":"product","2":"type-product","3":"status-publish","4":"has-post-thumbnail","6":"product_cat-ornamente","7":"post-wrapper","8":"thrv_wrapper","10":"first","11":"instock","12":"shipping-taxable","13":"purchasable","14":"product-type-simple"},"_links":{"self":[{"href":"https:\/\/dignita.ro\/ro\/wp-json\/wp\/v2\/product\/4645","targetHints":{"allow":["GET"]}}],"collection":[{"href":"https:\/\/dignita.ro\/ro\/wp-json\/wp\/v2\/product"}],"about":[{"href":"https:\/\/dignita.ro\/ro\/wp-json\/wp\/v2\/types\/product"}],"replies":[{"embeddable":true,"href":"https:\/\/dignita.ro\/ro\/wp-json\/wp\/v2\/comments?post=4645"}],"wp:featuredmedia":[{"embeddable":true,"href":"https:\/\/dignita.ro\/ro\/wp-json\/wp\/v2\/media\/6171"}],"wp:attachment":[{"href":"https:\/\/dignita.ro\/ro\/wp-json\/wp\/v2\/media?parent=4645"}],"wp:term":[{"taxonomy":"product_brand","embeddable":true,"href":"https:\/\/dignita.ro\/ro\/wp-json\/wp\/v2\/product_brand?post=4645"},{"taxonomy":"product_cat","embeddable":true,"href":"https:\/\/dignita.ro\/ro\/wp-json\/wp\/v2\/product_cat?post=4645"},{"taxonomy":"product_tag","embeddable":true,"href":"https:\/\/dignita.ro\/ro\/wp-json\/wp\/v2\/product_tag?post=4645"}],"curies":[{"name":"wp","href":"https:\/\/api.w.org\/{rel}","templated":true}]}}