{"id":464,"date":"2024-07-29T16:08:23","date_gmt":"2024-07-29T16:08:23","guid":{"rendered":"https:\/\/dignita.ro\/?post_type=product&#038;p=464"},"modified":"2025-02-09T13:23:16","modified_gmt":"2025-02-09T13:23:16","slug":"husa-biblie-roz-medium","status":"publish","type":"product","link":"https:\/\/dignita.ro\/ro\/produs\/husa-biblie-roz-medium\/","title":{"rendered":"Hus\u0103 Biblie Roz Medium &#8222;Be still and know that I am God&#8221;"},"content":{"rendered":"<p>Husa pentru Biblie Medie este realizat\u0103 din material textil rezistent. Este prev\u0103zut\u0103 cu fermoar, m\u00e2ner \u0219i suport pentru instrumente de scris. Pe exteriorul copertei din fa\u021b\u0103 are cusut un simbol cre\u0219tin. Culoare: roz.<\/p>\n","protected":false},"excerpt":{"rendered":"<p>Husa pentru Biblie Medie este realizat\u0103 din material rezistent cu imprimeu \u0219i mesaj biblic, are fermoar, m\u00e2ner \u0219i suport pentru instrumente de scris. Pe coperta din fa\u021b\u0103 are un buzunar exterior. Culoare roz.<\/p>\n","protected":false},"featured_media":5743,"comment_status":"open","ping_status":"closed","template":"","meta":{"_seopress_robots_primary_cat":"none","_seopress_titles_title":"","_seopress_titles_desc":"","_seopress_robots_index":""},"product_brand":[],"product_cat":[86],"product_tag":[],"class_list":{"0":"post-464","1":"product","2":"type-product","3":"status-publish","4":"has-post-thumbnail","6":"product_cat-huse-biblii","7":"post-wrapper","8":"thrv_wrapper","10":"first","11":"instock","12":"shipping-taxable","13":"purchasable","14":"product-type-simple"},"_links":{"self":[{"href":"https:\/\/dignita.ro\/ro\/wp-json\/wp\/v2\/product\/464","targetHints":{"allow":["GET"]}}],"collection":[{"href":"https:\/\/dignita.ro\/ro\/wp-json\/wp\/v2\/product"}],"about":[{"href":"https:\/\/dignita.ro\/ro\/wp-json\/wp\/v2\/types\/product"}],"replies":[{"embeddable":true,"href":"https:\/\/dignita.ro\/ro\/wp-json\/wp\/v2\/comments?post=464"}],"wp:featuredmedia":[{"embeddable":true,"href":"https:\/\/dignita.ro\/ro\/wp-json\/wp\/v2\/media\/5743"}],"wp:attachment":[{"href":"https:\/\/dignita.ro\/ro\/wp-json\/wp\/v2\/media?parent=464"}],"wp:term":[{"taxonomy":"product_brand","embeddable":true,"href":"https:\/\/dignita.ro\/ro\/wp-json\/wp\/v2\/product_brand?post=464"},{"taxonomy":"product_cat","embeddable":true,"href":"https:\/\/dignita.ro\/ro\/wp-json\/wp\/v2\/product_cat?post=464"},{"taxonomy":"product_tag","embeddable":true,"href":"https:\/\/dignita.ro\/ro\/wp-json\/wp\/v2\/product_tag?post=464"}],"curies":[{"name":"wp","href":"https:\/\/api.w.org\/{rel}","templated":true}]}}